{"id":1205,"date":"2019-08-22T10:57:54","date_gmt":"2019-08-22T13:57:54","guid":{"rendered":"http:\/\/zimm-motos.com.br\/portal\/?post_type=product&#038;p=1205"},"modified":"2019-08-22T10:58:13","modified_gmt":"2019-08-22T13:58:13","slug":"jogo-de-juntas-do-motor-husqvarna-te-610-2006-2007","status":"publish","type":"product","link":"https:\/\/zimm-motos.com.br\/portal\/loja\/jogo-de-juntas-do-motor-husqvarna-te-610-2006-2007\/","title":{"rendered":"Jogo de juntas do motor Husqvarna TE 610 2006-2007"},"content":{"rendered":"<p><!--?xml version=\"1.0\" encoding=\"utf-8\"?--><\/p>\n<p style=\"text-align: center;\"><span style=\"font-size: 10pt; font-family: verdana, geneva, sans-serif;\">\u00a0<strong style=\"color: #3300ff; line-height: 1.5em; text-align: left;\">Jogo de juntas do motor <\/strong><strong style=\"line-height: 1.5em; text-align: left;\"><span style=\"color: #3300ff;\">\u00a0Husqvarna<\/span><\/strong><\/span><\/p>\n<p align=\"center\"><span style=\"color: #000000;\"><span style=\"font-size: 10pt; font-family: verdana, geneva, sans-serif;\"><strong style=\"line-height: 1.5em; text-align: left;\">TE 610 200.-2007 c<\/strong><\/span><span style=\"font-size: 10pt; font-family: verdana, geneva, sans-serif;\"><strong style=\"line-height: 1.5em; text-align: left;\">om an\u00e9is de veda\u00e7\u00e3o<\/strong><\/span><\/span><\/p>\n<p align=\"center\"><span style=\"color: #0000ff; font-family: verdana, geneva, sans-serif; font-size: 10pt;\"><strong>SEM retentores<\/strong><\/span><\/p>\n<p align=\"center\"><span style=\"color: #3300ff; font-family: verdana, geneva, sans-serif; font-size: 10pt;\"><strong>\u00a0Fotografia meramente ilustrativa<\/strong><\/span><\/p>\n","protected":false},"excerpt":{"rendered":"<p style=\"text-align: center;\"><strong><img decoding=\"async\" class=\"size-full wp-image-2429 aligncenter\" src=\"https:\/\/zimm-motos.com.br\/portal\/wp-content\/uploads\/2017\/07\/Husqvarna.gif\" alt=\"\" width=\"200\" height=\"67\" \/><\/strong><\/p>\n<p style=\"text-align: center;\"><strong><span style=\"color: #0000ff;\"><span style=\"font-size: 10pt; font-family: verdana, geneva, sans-serif;\">Prazo m\u00e9dio de entrega 25 a 35 dias<\/span><br \/>\n<img decoding=\"async\" src=\"http:\/\/www.zimm-motos.com.br\/loja\/img\/cms\/HVA.gif\" alt=\"\" width=\"50\" height=\"37\" \/><\/span><\/strong><\/p>\n","protected":false},"featured_media":1203,"comment_status":"open","ping_status":"closed","template":"","meta":{"nf_dc_page":"","_crdt_document":"","om_disable_all_campaigns":false,"_monsterinsights_skip_tracking":false,"_monsterinsights_sitenote_active":false,"_monsterinsights_sitenote_note":"","_monsterinsights_sitenote_category":0,"jetpack_publicize_message":"","jetpack_publicize_feature_enabled":true,"jetpack_social_post_already_shared":true,"jetpack_social_options":{"image_generator_settings":{"template":"highway","default_image_id":0,"font":"","enabled":false},"version":2}},"product_brand":[],"product_cat":[24,75,42],"product_tag":[182,331,356],"class_list":{"0":"post-1205","1":"product","2":"type-product","3":"status-publish","4":"has-post-thumbnail","6":"product_cat-pcshusq","7":"product_cat-juntas","8":"product_cat-motor-4t","9":"product_tag-juntas-do-motor","10":"product_tag-sm-610","11":"product_tag-te-610","13":"first","14":"onbackorder","15":"taxable","16":"shipping-taxable","17":"purchasable","18":"product-type-simple"},"jetpack_publicize_connections":[],"jetpack_likes_enabled":true,"jetpack_sharing_enabled":true,"_links":{"self":[{"href":"https:\/\/zimm-motos.com.br\/portal\/wp-json\/wp\/v2\/product\/1205","targetHints":{"allow":["GET"]}}],"collection":[{"href":"https:\/\/zimm-motos.com.br\/portal\/wp-json\/wp\/v2\/product"}],"about":[{"href":"https:\/\/zimm-motos.com.br\/portal\/wp-json\/wp\/v2\/types\/product"}],"replies":[{"embeddable":true,"href":"https:\/\/zimm-motos.com.br\/portal\/wp-json\/wp\/v2\/comments?post=1205"}],"version-history":[{"count":1,"href":"https:\/\/zimm-motos.com.br\/portal\/wp-json\/wp\/v2\/product\/1205\/revisions"}],"predecessor-version":[{"id":14041,"href":"https:\/\/zimm-motos.com.br\/portal\/wp-json\/wp\/v2\/product\/1205\/revisions\/14041"}],"wp:featuredmedia":[{"embeddable":true,"href":"https:\/\/zimm-motos.com.br\/portal\/wp-json\/wp\/v2\/media\/1203"}],"wp:attachment":[{"href":"https:\/\/zimm-motos.com.br\/portal\/wp-json\/wp\/v2\/media?parent=1205"}],"wp:term":[{"taxonomy":"product_brand","embeddable":true,"href":"https:\/\/zimm-motos.com.br\/portal\/wp-json\/wp\/v2\/product_brand?post=1205"},{"taxonomy":"product_cat","embeddable":true,"href":"https:\/\/zimm-motos.com.br\/portal\/wp-json\/wp\/v2\/product_cat?post=1205"},{"taxonomy":"product_tag","embeddable":true,"href":"https:\/\/zimm-motos.com.br\/portal\/wp-json\/wp\/v2\/product_tag?post=1205"}],"curies":[{"name":"wp","href":"https:\/\/api.w.org\/{rel}","templated":true}]}}