{"id":1304,"date":"2014-06-10T13:54:34","date_gmt":"2014-06-10T16:54:34","guid":{"rendered":"http:\/\/zimm-motos.com.br\/portal\/produto\/anel-de-vedacao-do-bujao-do-carter-husqvarna-te-3\/"},"modified":"2021-12-08T09:52:57","modified_gmt":"2021-12-08T12:52:57","slug":"anel-de-vedacao-do-bujao-do-carter-husqvarna-wr-125-1999-2007","status":"publish","type":"product","link":"https:\/\/zimm-motos.com.br\/portal\/loja\/anel-de-vedacao-do-bujao-do-carter-husqvarna-wr-125-1999-2007\/","title":{"rendered":"Anel de veda\u00e7\u00e3o do buj\u00e3o do carter Husqvarna WR 125 1999-2007"},"content":{"rendered":"<p><!--?xml version=\"1.0\" encoding=\"utf-8\"?--><\/p>\n<p align=\"center\"><span style=\"font-size: 12pt; font-family: verdana, geneva; color: #0000ff;\"><strong>Anel de veda\u00e7\u00e3o do buj\u00e3o do carter Husqvarna\u00a0<\/strong><\/span><\/p>\n<p align=\"center\"><span style=\"font-size: 12pt; font-family: verdana, geneva; color: #0000ff;\"><strong>\u00a0WR 125 1999 a 2007<\/strong><\/span><\/p>\n<p align=\"center\"><span style=\"font-size: 12pt; font-family: verdana, geneva; color: #0000ff;\"><strong>Fotografia meramente ilustrativa<\/strong><\/span><\/p>\n<p align=\"center\">\n","protected":false},"excerpt":{"rendered":"<p style=\"text-align: center;\"><img decoding=\"async\" class=\"alignnone size-full wp-image-2429\" src=\"http:\/\/zimm-motos.com.br\/portal\/wp-content\/uploads\/2017\/07\/Husqvarna.gif\" alt=\"\" width=\"200\" height=\"67\" \/><\/p>\n<p style=\"text-align: center;\"><span style=\"color: #0000ff; font-family: verdana, geneva, sans-serif; font-size: 12pt;\"><strong>medidas 21&#215;14,3&#215;1,2<\/strong><\/span><\/p>\n","protected":false},"featured_media":1303,"comment_status":"open","ping_status":"closed","template":"","meta":{"nf_dc_page":"","_crdt_document":"","om_disable_all_campaigns":false,"_monsterinsights_skip_tracking":false,"_monsterinsights_sitenote_active":false,"_monsterinsights_sitenote_note":"","_monsterinsights_sitenote_category":0,"jetpack_publicize_message":"","jetpack_publicize_feature_enabled":true,"jetpack_social_post_already_shared":true,"jetpack_social_options":{"image_generator_settings":{"template":"highway","default_image_id":0,"font":"","enabled":false},"version":2}},"product_brand":[],"product_cat":[24,35,40,100],"product_tag":[208,333],"class_list":{"0":"post-1304","1":"product","2":"type-product","3":"status-publish","4":"has-post-thumbnail","6":"product_cat-pcshusq","7":"product_cat-husqvarna-wr-125-2000-2007","8":"product_cat-motor-pcshusq","9":"product_cat-retentores-motor-pcshusq","10":"product_tag-bujao","11":"product_tag-wr-125","13":"first","14":"instock","15":"taxable","16":"shipping-taxable","17":"purchasable","18":"product-type-simple"},"jetpack_publicize_connections":[],"jetpack_likes_enabled":true,"jetpack_sharing_enabled":true,"_links":{"self":[{"href":"https:\/\/zimm-motos.com.br\/portal\/wp-json\/wp\/v2\/product\/1304","targetHints":{"allow":["GET"]}}],"collection":[{"href":"https:\/\/zimm-motos.com.br\/portal\/wp-json\/wp\/v2\/product"}],"about":[{"href":"https:\/\/zimm-motos.com.br\/portal\/wp-json\/wp\/v2\/types\/product"}],"replies":[{"embeddable":true,"href":"https:\/\/zimm-motos.com.br\/portal\/wp-json\/wp\/v2\/comments?post=1304"}],"version-history":[{"count":1,"href":"https:\/\/zimm-motos.com.br\/portal\/wp-json\/wp\/v2\/product\/1304\/revisions"}],"predecessor-version":[{"id":23025,"href":"https:\/\/zimm-motos.com.br\/portal\/wp-json\/wp\/v2\/product\/1304\/revisions\/23025"}],"wp:featuredmedia":[{"embeddable":true,"href":"https:\/\/zimm-motos.com.br\/portal\/wp-json\/wp\/v2\/media\/1303"}],"wp:attachment":[{"href":"https:\/\/zimm-motos.com.br\/portal\/wp-json\/wp\/v2\/media?parent=1304"}],"wp:term":[{"taxonomy":"product_brand","embeddable":true,"href":"https:\/\/zimm-motos.com.br\/portal\/wp-json\/wp\/v2\/product_brand?post=1304"},{"taxonomy":"product_cat","embeddable":true,"href":"https:\/\/zimm-motos.com.br\/portal\/wp-json\/wp\/v2\/product_cat?post=1304"},{"taxonomy":"product_tag","embeddable":true,"href":"https:\/\/zimm-motos.com.br\/portal\/wp-json\/wp\/v2\/product_tag?post=1304"}],"curies":[{"name":"wp","href":"https:\/\/api.w.org\/{rel}","templated":true}]}}