{"id":1374,"date":"2014-08-12T17:48:57","date_gmt":"2014-08-12T17:48:57","guid":{"rendered":"http:\/\/zimm-motos.com.br\/portal\/produto\/v-force-3-husqvarna-wr-125-2004-a-2010-2\/"},"modified":"2021-11-03T11:26:37","modified_gmt":"2021-11-03T14:26:37","slug":"v-force-3-husqvarna-wr-250-2000-2013-wr-300-2009-2013","status":"publish","type":"product","link":"https:\/\/zimm-motos.com.br\/portal\/loja\/v-force-3-husqvarna-wr-250-2000-2013-wr-300-2009-2013\/","title":{"rendered":"V-Force 3 Husqvarna WR 250 2000-2013 WR 300 2009-2013"},"content":{"rendered":"<p><!--?xml version=\"1.0\" encoding=\"utf-8\"?--><\/p>\n<p style=\"text-align: center;\"><span style=\"font-family: verdana, geneva, sans-serif; font-size: 12pt; color: #0000ff;\"><strong style=\"line-height: 1.5em; text-align: left;\">V-Force 3\u00a0<\/strong><\/span><span style=\"font-family: verdana, geneva, sans-serif; font-size: 12pt; color: #0000ff;\"><strong>Husqvarna <\/strong><\/span><\/p>\n<p style=\"text-align: center;\"><span style=\"font-family: verdana, geneva, sans-serif; font-size: 12pt; color: #0000ff;\"><strong>WR 250 2000-2013 <\/strong><\/span><\/p>\n<p style=\"text-align: center;\"><span style=\"font-family: verdana, geneva, sans-serif; font-size: 12pt; color: #0000ff;\"><strong>WR 300 2009-2013<\/strong><\/span><\/p>\n<p align=\"center\"><span style=\"font-family: verdana, geneva, sans-serif; font-size: 12pt; color: #0000ff;\"><strong>Equipamento original de f\u00e1brica dos modelos WR 250 2009 a 2013<\/strong><\/span><\/p>\n<p align=\"center\"><span style=\"font-size: 12pt; color: #0000ff; font-family: verdana, geneva, sans-serif;\"><strong>Necess\u00e1rio ajustes na carbura\u00e7\u00e3o<\/strong><\/span><\/p>\n","protected":false},"excerpt":{"rendered":"<p style=\"text-align: center;\"><img decoding=\"async\" class=\"alignnone wp-image-22538\" src=\"https:\/\/zimm-motos.com.br\/portal\/wp-content\/uploads\/2014\/08\/v-force.png\" alt=\"\" width=\"215\" height=\"56\" \/><\/p>\n<p style=\"text-align: center;\"><strong><span style=\"font-family: verdana, geneva, sans-serif; color: #0000ff;\">Sob encomenda, prazo m\u00e9dio 21 a 28 dias uteis<\/span><\/strong><\/p>\n","protected":false},"featured_media":1373,"comment_status":"open","ping_status":"closed","template":"","meta":{"nf_dc_page":"","_crdt_document":"","om_disable_all_campaigns":false,"_monsterinsights_skip_tracking":false,"_monsterinsights_sitenote_active":false,"_monsterinsights_sitenote_note":"","_monsterinsights_sitenote_category":0,"jetpack_publicize_message":"","jetpack_publicize_feature_enabled":true,"jetpack_social_post_already_shared":true,"jetpack_social_options":{"image_generator_settings":{"template":"highway","default_image_id":0,"font":"","enabled":false},"version":2}},"product_brand":[],"product_cat":[43,24,104],"product_tag":[193,365],"class_list":{"0":"post-1374","1":"product","2":"type-product","3":"status-publish","4":"has-post-thumbnail","6":"product_cat-carburador","7":"product_cat-pcshusq","8":"product_cat-palhetas","9":"product_tag-v-force","10":"product_tag-wr-300","12":"first","13":"onbackorder","14":"taxable","15":"shipping-taxable","16":"purchasable","17":"product-type-simple"},"jetpack_publicize_connections":[],"jetpack_likes_enabled":true,"jetpack_sharing_enabled":true,"_links":{"self":[{"href":"https:\/\/zimm-motos.com.br\/portal\/wp-json\/wp\/v2\/product\/1374","targetHints":{"allow":["GET"]}}],"collection":[{"href":"https:\/\/zimm-motos.com.br\/portal\/wp-json\/wp\/v2\/product"}],"about":[{"href":"https:\/\/zimm-motos.com.br\/portal\/wp-json\/wp\/v2\/types\/product"}],"replies":[{"embeddable":true,"href":"https:\/\/zimm-motos.com.br\/portal\/wp-json\/wp\/v2\/comments?post=1374"}],"version-history":[{"count":1,"href":"https:\/\/zimm-motos.com.br\/portal\/wp-json\/wp\/v2\/product\/1374\/revisions"}],"predecessor-version":[{"id":22537,"href":"https:\/\/zimm-motos.com.br\/portal\/wp-json\/wp\/v2\/product\/1374\/revisions\/22537"}],"wp:featuredmedia":[{"embeddable":true,"href":"https:\/\/zimm-motos.com.br\/portal\/wp-json\/wp\/v2\/media\/1373"}],"wp:attachment":[{"href":"https:\/\/zimm-motos.com.br\/portal\/wp-json\/wp\/v2\/media?parent=1374"}],"wp:term":[{"taxonomy":"product_brand","embeddable":true,"href":"https:\/\/zimm-motos.com.br\/portal\/wp-json\/wp\/v2\/product_brand?post=1374"},{"taxonomy":"product_cat","embeddable":true,"href":"https:\/\/zimm-motos.com.br\/portal\/wp-json\/wp\/v2\/product_cat?post=1374"},{"taxonomy":"product_tag","embeddable":true,"href":"https:\/\/zimm-motos.com.br\/portal\/wp-json\/wp\/v2\/product_tag?post=1374"}],"curies":[{"name":"wp","href":"https:\/\/api.w.org\/{rel}","templated":true}]}}