{"id":1397,"date":"2014-08-23T08:29:04","date_gmt":"2014-08-23T11:29:04","guid":{"rendered":"http:\/\/zimm-motos.com.br\/portal\/produto\/pinhao-original-husqvarna-14z-tewr-5\/"},"modified":"2025-05-26T08:32:28","modified_gmt":"2025-05-26T11:32:28","slug":"pinhao-12z-zm-gas-gas-ec-250-300-2000-2020","status":"publish","type":"product","link":"https:\/\/zimm-motos.com.br\/portal\/loja\/pinhao-12z-zm-gas-gas-ec-250-300-2000-2020\/","title":{"rendered":"Pinh\u00e3o 12z ZM Gas Gas EC 250-300 2000-2020"},"content":{"rendered":"<p><!--?xml version=\"1.0\" encoding=\"utf-8\"?--><\/p>\n<p style=\"text-align: center;\"><span style=\"font-size: 14pt; color: #0000ff;\">\u00a0<span style=\"font-family: Verdana, Arial, Helvetica, sans-serif;\"><strong>Pinh\u00e3o ZM 12z\u00a0 Gas Gas <\/strong><\/span><\/span><\/p>\n<p style=\"text-align: center;\"><span style=\"font-size: 14pt; color: #0000ff;\"><span style=\"font-family: Verdana, Arial, Helvetica, sans-serif;\"><strong>EC 250-300 2T\u00a0<\/strong><\/span><span style=\"font-family: Verdana, Arial, Helvetica, sans-serif;\"><strong> 2000-2018 20<\/strong><\/span><\/span><\/p>\n<p style=\"text-align: center;\"><span style=\"color: #0000ff; font-family: Verdana, Arial, Helvetica, sans-serif; font-size: 12pt;\"><strong><span style=\"font-size: 14pt;\">Ilustra\u00e7\u00e3o com dimens\u00f5es reai<\/span>s<\/strong><\/span><\/p>\n<p>&nbsp;<\/p>\n<p style=\"text-align: center;\" align=\"center\"><span style=\"font-size: 10pt;\"><strong>\u00a0<\/strong><\/span><\/p>\n<p align=\"center\"><strong><span style=\"font-size: 10pt;\">\u00a0<\/span><\/strong><\/p>\n<p align=\"center\"><strong><span style=\"font-size: 10pt;\">\u00a0<\/span><\/strong><\/p>\n<p align=\"center\">\n","protected":false},"excerpt":{"rendered":"<p>\u00a0Pinh\u00e3o ZM 12z\u00a0 Gas Gas EC 250-300 2T\u00a0 2000-2018 20 Ilustra\u00e7\u00e3o com dimens\u00f5es reais &nbsp; \u00a0 \u00a0 \u00a0<\/p>\n","protected":false},"featured_media":1396,"comment_status":"open","ping_status":"closed","template":"","meta":{"nf_dc_page":"","_crdt_document":"","om_disable_all_campaigns":false,"_monsterinsights_skip_tracking":false,"_monsterinsights_sitenote_active":false,"_monsterinsights_sitenote_note":"","_monsterinsights_sitenote_category":0,"jetpack_publicize_message":"","jetpack_publicize_feature_enabled":true,"jetpack_social_post_already_shared":true,"jetpack_social_options":{"image_generator_settings":{"template":"highway","default_image_id":0,"font":"","enabled":false},"version":2}},"product_brand":[],"product_cat":[25,84],"product_tag":[347,272,138],"class_list":{"0":"post-1397","1":"product","2":"type-product","3":"status-publish","4":"has-post-thumbnail","6":"product_cat-gas-gas","7":"product_cat-transmissao-gas-gas","8":"product_tag-ec-300","9":"product_tag-gas-gas","10":"product_tag-pinhao","12":"first","13":"outofstock","14":"taxable","15":"shipping-taxable","16":"purchasable","17":"product-type-simple"},"jetpack_publicize_connections":[],"jetpack_likes_enabled":true,"jetpack_sharing_enabled":true,"_links":{"self":[{"href":"https:\/\/zimm-motos.com.br\/portal\/wp-json\/wp\/v2\/product\/1397","targetHints":{"allow":["GET"]}}],"collection":[{"href":"https:\/\/zimm-motos.com.br\/portal\/wp-json\/wp\/v2\/product"}],"about":[{"href":"https:\/\/zimm-motos.com.br\/portal\/wp-json\/wp\/v2\/types\/product"}],"replies":[{"embeddable":true,"href":"https:\/\/zimm-motos.com.br\/portal\/wp-json\/wp\/v2\/comments?post=1397"}],"version-history":[{"count":2,"href":"https:\/\/zimm-motos.com.br\/portal\/wp-json\/wp\/v2\/product\/1397\/revisions"}],"predecessor-version":[{"id":23481,"href":"https:\/\/zimm-motos.com.br\/portal\/wp-json\/wp\/v2\/product\/1397\/revisions\/23481"}],"wp:featuredmedia":[{"embeddable":true,"href":"https:\/\/zimm-motos.com.br\/portal\/wp-json\/wp\/v2\/media\/1396"}],"wp:attachment":[{"href":"https:\/\/zimm-motos.com.br\/portal\/wp-json\/wp\/v2\/media?parent=1397"}],"wp:term":[{"taxonomy":"product_brand","embeddable":true,"href":"https:\/\/zimm-motos.com.br\/portal\/wp-json\/wp\/v2\/product_brand?post=1397"},{"taxonomy":"product_cat","embeddable":true,"href":"https:\/\/zimm-motos.com.br\/portal\/wp-json\/wp\/v2\/product_cat?post=1397"},{"taxonomy":"product_tag","embeddable":true,"href":"https:\/\/zimm-motos.com.br\/portal\/wp-json\/wp\/v2\/product_tag?post=1397"}],"curies":[{"name":"wp","href":"https:\/\/api.w.org\/{rel}","templated":true}]}}