{"id":1472,"date":"2014-10-24T10:13:45","date_gmt":"2014-10-24T13:13:45","guid":{"rendered":"http:\/\/zimm-motos.com.br\/portal\/produto\/casquilho-de-fixacao-dos-plasticos-husqvaran-4\/"},"modified":"2019-07-01T00:09:18","modified_gmt":"2019-07-01T03:09:18","slug":"casquilho-dos-protetores-de-garfo-husqvarna-wr-te-1994-2007","status":"publish","type":"product","link":"https:\/\/zimm-motos.com.br\/portal\/loja\/casquilho-dos-protetores-de-garfo-husqvarna-wr-te-1994-2007\/","title":{"rendered":"Casquilho dos protetores de garfo Husqvarna WR-TE 1994-2007"},"content":{"rendered":"<p style=\"text-align: center;\"><span style=\"font-size: 10pt; font-family: verdana, geneva;\"><strong>Casquilho de fixa\u00e7\u00e3o dos protetores de garfo da suspens\u00e3o dianteira<\/strong><\/span><\/p>\n<p style=\"text-align: center;\"><span style=\"font-size: 10pt; font-family: verdana, geneva;\"><strong>Husqvarna WR &#8211; TE 1994-2007<\/strong><\/span><\/p>\n<p style=\"text-align: center;\"><span style=\"font-size: 10pt; font-family: verdana, geneva; color: #0000ff;\"><strong>Outras aplica\u00e7\u00f5es\u00a0<\/strong><\/span><\/p>\n<p style=\"text-align: center;\"><span style=\"font-size: 10pt; font-family: verdana, geneva;\"><strong>Guia do flexivel de freio traseiro\u00a0WR &#8211; TE 1994-2007<\/strong><\/span><\/p>\n","protected":false},"excerpt":{"rendered":"<p style=\"text-align: center;\"><strong><span style=\"font-size: 8pt; color: #0000ff;\"><img decoding=\"async\" src=\"http:\/\/zimm-motos.com.br\/loja\/img\/cms\/HVA.gif\" alt=\"\" width=\"50\" height=\"36\" \/><img decoding=\"async\" class=\"size-full wp-image-2429 aligncenter\" src=\"http:\/\/zimm-motos.com.br\/portal\/wp-content\/uploads\/2017\/07\/Husqvarna.gif\" alt=\"\" width=\"200\" height=\"67\" \/><\/span><\/strong><\/p>\n","protected":false},"featured_media":1471,"comment_status":"open","ping_status":"closed","template":"","meta":{"nf_dc_page":"","_crdt_document":"","om_disable_all_campaigns":false,"_monsterinsights_skip_tracking":false,"_monsterinsights_sitenote_active":false,"_monsterinsights_sitenote_note":"","_monsterinsights_sitenote_category":0,"jetpack_publicize_message":"","jetpack_publicize_feature_enabled":true,"jetpack_social_post_already_shared":true,"jetpack_social_options":{"image_generator_settings":{"template":"highway","default_image_id":0,"font":"","enabled":false},"version":2}},"product_brand":[],"product_cat":[87,56,24,80,68],"product_tag":[247],"class_list":{"0":"post-1472","1":"product","2":"type-product","3":"status-publish","4":"has-post-thumbnail","6":"product_cat-flexivel","7":"product_cat-freio-pcshusq","8":"product_cat-pcshusq","9":"product_cat-parafusos-porcas-casquilhos","10":"product_cat-plasticoshusq","11":"product_tag-casquilho","13":"first","14":"instock","15":"taxable","16":"shipping-taxable","17":"purchasable","18":"product-type-simple"},"jetpack_publicize_connections":[],"jetpack_likes_enabled":true,"jetpack_sharing_enabled":true,"_links":{"self":[{"href":"https:\/\/zimm-motos.com.br\/portal\/wp-json\/wp\/v2\/product\/1472","targetHints":{"allow":["GET"]}}],"collection":[{"href":"https:\/\/zimm-motos.com.br\/portal\/wp-json\/wp\/v2\/product"}],"about":[{"href":"https:\/\/zimm-motos.com.br\/portal\/wp-json\/wp\/v2\/types\/product"}],"replies":[{"embeddable":true,"href":"https:\/\/zimm-motos.com.br\/portal\/wp-json\/wp\/v2\/comments?post=1472"}],"version-history":[{"count":1,"href":"https:\/\/zimm-motos.com.br\/portal\/wp-json\/wp\/v2\/product\/1472\/revisions"}],"predecessor-version":[{"id":3093,"href":"https:\/\/zimm-motos.com.br\/portal\/wp-json\/wp\/v2\/product\/1472\/revisions\/3093"}],"wp:featuredmedia":[{"embeddable":true,"href":"https:\/\/zimm-motos.com.br\/portal\/wp-json\/wp\/v2\/media\/1471"}],"wp:attachment":[{"href":"https:\/\/zimm-motos.com.br\/portal\/wp-json\/wp\/v2\/media?parent=1472"}],"wp:term":[{"taxonomy":"product_brand","embeddable":true,"href":"https:\/\/zimm-motos.com.br\/portal\/wp-json\/wp\/v2\/product_brand?post=1472"},{"taxonomy":"product_cat","embeddable":true,"href":"https:\/\/zimm-motos.com.br\/portal\/wp-json\/wp\/v2\/product_cat?post=1472"},{"taxonomy":"product_tag","embeddable":true,"href":"https:\/\/zimm-motos.com.br\/portal\/wp-json\/wp\/v2\/product_tag?post=1472"}],"curies":[{"name":"wp","href":"https:\/\/api.w.org\/{rel}","templated":true}]}}