{"id":18020,"date":"2019-11-19T16:39:35","date_gmt":"2019-11-19T19:39:35","guid":{"rendered":"https:\/\/zimm-motos.com.br\/portal\/?post_type=product&#038;p=18020"},"modified":"2021-05-04T13:27:36","modified_gmt":"2021-05-04T16:27:36","slug":"anel-de-vedacao-do-bujao-do-semi-carter-gas-gas-ec-200-250-300-2001-2019","status":"publish","type":"product","link":"https:\/\/zimm-motos.com.br\/portal\/loja\/anel-de-vedacao-do-bujao-do-semi-carter-gas-gas-ec-200-250-300-2001-2019\/","title":{"rendered":"Anel de veda\u00e7\u00e3o do buj\u00e3o do semi-carter Gas Gas EC 200-250-300 2001-2019"},"content":{"rendered":"<p style=\"text-align: center;\"><strong><span style=\"font-size: 10pt; font-family: verdana, geneva, sans-serif;\">Anel de veda\u00e7\u00e3o do buj\u00e3o do semi-carter Gas Gas <\/span><\/strong><\/p>\n<p style=\"text-align: center;\"><strong><span style=\"font-size: 10pt; font-family: verdana, geneva, sans-serif;\">EC 200 2001-2007<\/span><\/strong><\/p>\n<p style=\"text-align: center;\"><strong><span style=\"font-size: 10pt; font-family: verdana, geneva, sans-serif;\">EC 250 2001-2019<\/span><\/strong><\/p>\n<p style=\"text-align: center;\"><strong><span style=\"font-size: 10pt; font-family: verdana, geneva, sans-serif;\">EC 300 2001-2019 <\/span><\/strong><\/p>\n<p style=\"text-align: center;\">\n","protected":false},"excerpt":{"rendered":"<p><img decoding=\"async\" class=\"size-full wp-image-2659 aligncenter\" src=\"https:\/\/zimm-motos.com.br\/portal\/wp-content\/uploads\/2017\/10\/GG-peq-PNG.png\" alt=\"\" width=\"150\" height=\"34\" \/><\/p>\n","protected":false},"featured_media":18021,"comment_status":"open","ping_status":"closed","template":"","meta":{"nf_dc_page":"","_crdt_document":"","om_disable_all_campaigns":false,"_monsterinsights_skip_tracking":false,"_monsterinsights_sitenote_active":false,"_monsterinsights_sitenote_note":"","_monsterinsights_sitenote_category":0,"jetpack_publicize_message":"","jetpack_publicize_feature_enabled":true,"jetpack_social_post_already_shared":true,"jetpack_social_options":{"image_generator_settings":{"template":"highway","default_image_id":0,"font":"","enabled":false},"version":2}},"product_brand":[],"product_cat":[25,34],"product_tag":[357,347,454],"class_list":{"0":"post-18020","1":"product","2":"type-product","3":"status-publish","4":"has-post-thumbnail","6":"product_cat-gas-gas","7":"product_cat-motor","8":"product_tag-ec-250","9":"product_tag-ec-300","10":"product_tag-gas-gas-bujao","12":"first","13":"instock","14":"taxable","15":"shipping-taxable","16":"purchasable","17":"product-type-simple"},"jetpack_publicize_connections":[],"jetpack_likes_enabled":true,"jetpack_sharing_enabled":true,"_links":{"self":[{"href":"https:\/\/zimm-motos.com.br\/portal\/wp-json\/wp\/v2\/product\/18020","targetHints":{"allow":["GET"]}}],"collection":[{"href":"https:\/\/zimm-motos.com.br\/portal\/wp-json\/wp\/v2\/product"}],"about":[{"href":"https:\/\/zimm-motos.com.br\/portal\/wp-json\/wp\/v2\/types\/product"}],"replies":[{"embeddable":true,"href":"https:\/\/zimm-motos.com.br\/portal\/wp-json\/wp\/v2\/comments?post=18020"}],"version-history":[{"count":0,"href":"https:\/\/zimm-motos.com.br\/portal\/wp-json\/wp\/v2\/product\/18020\/revisions"}],"wp:featuredmedia":[{"embeddable":true,"href":"https:\/\/zimm-motos.com.br\/portal\/wp-json\/wp\/v2\/media\/18021"}],"wp:attachment":[{"href":"https:\/\/zimm-motos.com.br\/portal\/wp-json\/wp\/v2\/media?parent=18020"}],"wp:term":[{"taxonomy":"product_brand","embeddable":true,"href":"https:\/\/zimm-motos.com.br\/portal\/wp-json\/wp\/v2\/product_brand?post=18020"},{"taxonomy":"product_cat","embeddable":true,"href":"https:\/\/zimm-motos.com.br\/portal\/wp-json\/wp\/v2\/product_cat?post=18020"},{"taxonomy":"product_tag","embeddable":true,"href":"https:\/\/zimm-motos.com.br\/portal\/wp-json\/wp\/v2\/product_tag?post=18020"}],"curies":[{"name":"wp","href":"https:\/\/api.w.org\/{rel}","templated":true}]}}