{"id":185,"date":"2011-04-25T11:45:44","date_gmt":"2011-04-25T14:45:44","guid":{"rendered":"http:\/\/zimm-motos.com.br\/portal\/produto\/pedal-de-partida-husqvarna-wr-250\/"},"modified":"2025-02-20T16:41:42","modified_gmt":"2025-02-20T19:41:42","slug":"pedal-de-partida-husqvarna-wr-250-1994-2004","status":"publish","type":"product","link":"https:\/\/zimm-motos.com.br\/portal\/loja\/pedal-de-partida-husqvarna-wr-250-1994-2004\/","title":{"rendered":"Pedal de partida Husqvarna WR 250 1994-2004"},"content":{"rendered":"<p align=\"center\"><span style=\"font-size: 12pt; color: #0000ff;\"><span style=\"font-family: Verdana, Arial, Helvetica, sans-serif;\"><strong>Pedal de partida completo <\/strong><\/span><span style=\"font-family: Verdana, Arial, Helvetica, sans-serif;\"><strong>Husqvarna \u00a0<\/strong><\/span><\/span><\/p>\n<p align=\"center\"><span style=\"font-size: 12pt; color: #0000ff;\"><span style=\"font-family: Verdana, Arial, Helvetica, sans-serif;\"><strong>WR 250 <\/strong><\/span><strong style=\"line-height: 1.5em; text-align: left;\"><span style=\"font-family: Verdana;\">1994 a 2004<\/span><\/strong><\/span><\/p>\n<p align=\"center\"><span style=\"font-size: 12pt; font-family: verdana, geneva, sans-serif; color: #0000ff;\"><strong>Compativel com WR 360 1994 a 2002<\/strong><\/span><\/p>\n<p align=\"center\">\n","protected":false},"excerpt":{"rendered":"<p style=\"text-align: center;\">\n<p style=\"text-align: center;\"><span style=\"font-family: Verdana, Arial, Helvetica, sans-serif; color: #0000ff; font-size: 12pt;\"><strong>N\u00e3o mais fornecido, consulte op\u00e7\u00e3o alternativa<br \/>\n<\/strong><\/span><\/p>\n","protected":false},"featured_media":184,"comment_status":"open","ping_status":"closed","template":"","meta":{"nf_dc_page":"","_crdt_document":"","om_disable_all_campaigns":false,"_monsterinsights_skip_tracking":false,"_monsterinsights_sitenote_active":false,"_monsterinsights_sitenote_note":"","_monsterinsights_sitenote_category":0,"jetpack_publicize_message":"","jetpack_publicize_feature_enabled":true,"jetpack_social_post_already_shared":true,"jetpack_social_options":{"image_generator_settings":{"template":"highway","default_image_id":0,"font":"","enabled":false},"version":2}},"product_brand":[],"product_cat":[24,40,134],"product_tag":[163,365],"class_list":{"0":"post-185","1":"product","2":"type-product","3":"status-publish","4":"has-post-thumbnail","6":"product_cat-pcshusq","7":"product_cat-motor-pcshusq","8":"product_cat-pedal-de-partida","9":"product_tag-pedal-de-partida","10":"product_tag-wr-300","12":"first","13":"onbackorder","14":"taxable","15":"shipping-taxable","16":"purchasable","17":"product-type-simple"},"jetpack_publicize_connections":[],"jetpack_likes_enabled":true,"jetpack_sharing_enabled":true,"_links":{"self":[{"href":"https:\/\/zimm-motos.com.br\/portal\/wp-json\/wp\/v2\/product\/185","targetHints":{"allow":["GET"]}}],"collection":[{"href":"https:\/\/zimm-motos.com.br\/portal\/wp-json\/wp\/v2\/product"}],"about":[{"href":"https:\/\/zimm-motos.com.br\/portal\/wp-json\/wp\/v2\/types\/product"}],"replies":[{"embeddable":true,"href":"https:\/\/zimm-motos.com.br\/portal\/wp-json\/wp\/v2\/comments?post=185"}],"version-history":[{"count":2,"href":"https:\/\/zimm-motos.com.br\/portal\/wp-json\/wp\/v2\/product\/185\/revisions"}],"predecessor-version":[{"id":23448,"href":"https:\/\/zimm-motos.com.br\/portal\/wp-json\/wp\/v2\/product\/185\/revisions\/23448"}],"wp:featuredmedia":[{"embeddable":true,"href":"https:\/\/zimm-motos.com.br\/portal\/wp-json\/wp\/v2\/media\/184"}],"wp:attachment":[{"href":"https:\/\/zimm-motos.com.br\/portal\/wp-json\/wp\/v2\/media?parent=185"}],"wp:term":[{"taxonomy":"product_brand","embeddable":true,"href":"https:\/\/zimm-motos.com.br\/portal\/wp-json\/wp\/v2\/product_brand?post=185"},{"taxonomy":"product_cat","embeddable":true,"href":"https:\/\/zimm-motos.com.br\/portal\/wp-json\/wp\/v2\/product_cat?post=185"},{"taxonomy":"product_tag","embeddable":true,"href":"https:\/\/zimm-motos.com.br\/portal\/wp-json\/wp\/v2\/product_tag?post=185"}],"curies":[{"name":"wp","href":"https:\/\/api.w.org\/{rel}","templated":true}]}}