{"id":1961,"date":"2018-08-01T10:21:52","date_gmt":"2018-08-01T13:21:52","guid":{"rendered":"http:\/\/zimm-motos.com.br\/portal\/?post_type=product&#038;p=1961"},"modified":"2025-02-18T06:33:21","modified_gmt":"2025-02-18T09:33:21","slug":"filtro-de-ar-athena-husqvarna-te-250-310-450-510-2004-2009","status":"publish","type":"product","link":"https:\/\/zimm-motos.com.br\/portal\/loja\/filtro-de-ar-athena-husqvarna-te-250-310-450-510-2004-2009\/","title":{"rendered":"Filtro de ar Athena Husqvarna TE 250-310-450-510 2004-2009"},"content":{"rendered":"<p align=\"center\"><span style=\"color: #0000ff; font-size: 12pt;\"><span style=\"font-family: Verdana, Arial, Helvetica, sans-serif;\"><strong>Filtro de ar Athena\u00a0<\/strong><\/span><span style=\"font-family: Verdana, Arial, Helvetica, sans-serif;\"><strong>Husqvarna<\/strong><\/span><\/span><\/p>\n<p align=\"center\"><span style=\"font-family: Verdana, Arial, Helvetica, sans-serif; color: #0000ff; font-size: 12pt;\"><strong>TE 250 2004 a 2009<\/strong><\/span><\/p>\n<p align=\"center\"><span style=\"font-family: Verdana, Arial, Helvetica, sans-serif; color: #0000ff; font-size: 12pt;\"><strong>TE 310 2009<\/strong><\/span><\/p>\n<p align=\"center\"><span style=\"font-family: Verdana, Arial, Helvetica, sans-serif; color: #0000ff; font-size: 12pt;\"><strong>TE 450 2004-2009<\/strong><\/span><\/p>\n<p align=\"center\"><span style=\"font-family: Verdana, Arial, Helvetica, sans-serif; color: #0000ff; font-size: 12pt;\"><strong>TE 510 2007 a 2009<\/strong><\/span><\/p>\n<p align=\"center\"><span style=\"font-family: Verdana, Arial, Helvetica, sans-serif; color: #0000ff; font-size: 12pt;\"><strong>SM 510 R 2007<\/strong><\/span><\/p>\n<p align=\"center\"><span style=\"font-size: 12pt; color: #0000ff;\"><strong><span style=\"font-family: verdana, geneva, sans-serif;\">Os filtros de ar Athena s\u00e3o desenvolvidos com a mais alta qualidade, perfeitos para substitui\u00e7\u00e3o do original.<\/span><\/strong><\/span><br \/>\n<span style=\"font-size: 12pt; color: #0000ff;\"><strong><span style=\"font-family: verdana, geneva, sans-serif;\">Fabricados em camada dupla de poliuretano de c\u00e9lula aberta, s\u00e3o retardadores de chama (atendem a ISO 3795) e sua estrutura garante excelente filtragem e passagem de ar.<\/span><\/strong><\/span><\/p>\n<p align=\"center\"><span style=\"font-size: 12pt; color: #0000ff;\"><span style=\"font-family: Verdana, Arial, Helvetica, sans-serif;\"><strong>\u00a0<\/strong><\/span><span style=\"font-family: Verdana, Arial, Helvetica, sans-serif;\"><span style=\"text-decoration: underline;\"><strong>\u00a0Fotografia meramente ilustrativa<\/strong><\/span><\/span><\/span><\/p>\n","protected":false},"excerpt":{"rendered":"<p style=\"text-align: center;\"><strong><span style=\"color: #0000ff;\"><br \/>\n<img decoding=\"async\" class=\"wp-image-2275 aligncenter\" src=\"https:\/\/zimm-motos.com.br\/portal\/wp-content\/uploads\/2014\/05\/Athena-300x49.gif\" alt=\"\" width=\"208\" height=\"34\" \/><\/span><\/strong><\/p>\n","protected":false},"featured_media":1960,"comment_status":"open","ping_status":"closed","template":"","meta":{"nf_dc_page":"","_crdt_document":"","om_disable_all_campaigns":false,"_monsterinsights_skip_tracking":false,"_monsterinsights_sitenote_active":false,"_monsterinsights_sitenote_note":"","_monsterinsights_sitenote_category":0,"jetpack_publicize_message":"","jetpack_publicize_feature_enabled":true,"jetpack_social_post_already_shared":true,"jetpack_social_options":{"image_generator_settings":{"template":"highway","default_image_id":0,"font":"","enabled":false},"version":2}},"product_brand":[],"product_cat":[119,24,42],"product_tag":[178],"class_list":{"0":"post-1961","1":"product","2":"type-product","3":"status-publish","4":"has-post-thumbnail","6":"product_cat-filtro-de-ar-motor-4t","7":"product_cat-pcshusq","8":"product_cat-motor-4t","9":"product_tag-filtro-de-ar","11":"first","12":"instock","13":"taxable","14":"shipping-taxable","15":"purchasable","16":"product-type-simple"},"jetpack_publicize_connections":[],"jetpack_likes_enabled":true,"jetpack_sharing_enabled":true,"_links":{"self":[{"href":"https:\/\/zimm-motos.com.br\/portal\/wp-json\/wp\/v2\/product\/1961","targetHints":{"allow":["GET"]}}],"collection":[{"href":"https:\/\/zimm-motos.com.br\/portal\/wp-json\/wp\/v2\/product"}],"about":[{"href":"https:\/\/zimm-motos.com.br\/portal\/wp-json\/wp\/v2\/types\/product"}],"replies":[{"embeddable":true,"href":"https:\/\/zimm-motos.com.br\/portal\/wp-json\/wp\/v2\/comments?post=1961"}],"version-history":[{"count":2,"href":"https:\/\/zimm-motos.com.br\/portal\/wp-json\/wp\/v2\/product\/1961\/revisions"}],"predecessor-version":[{"id":23445,"href":"https:\/\/zimm-motos.com.br\/portal\/wp-json\/wp\/v2\/product\/1961\/revisions\/23445"}],"wp:featuredmedia":[{"embeddable":true,"href":"https:\/\/zimm-motos.com.br\/portal\/wp-json\/wp\/v2\/media\/1960"}],"wp:attachment":[{"href":"https:\/\/zimm-motos.com.br\/portal\/wp-json\/wp\/v2\/media?parent=1961"}],"wp:term":[{"taxonomy":"product_brand","embeddable":true,"href":"https:\/\/zimm-motos.com.br\/portal\/wp-json\/wp\/v2\/product_brand?post=1961"},{"taxonomy":"product_cat","embeddable":true,"href":"https:\/\/zimm-motos.com.br\/portal\/wp-json\/wp\/v2\/product_cat?post=1961"},{"taxonomy":"product_tag","embeddable":true,"href":"https:\/\/zimm-motos.com.br\/portal\/wp-json\/wp\/v2\/product_tag?post=1961"}],"curies":[{"name":"wp","href":"https:\/\/api.w.org\/{rel}","templated":true}]}}