{"id":1963,"date":"2018-08-01T10:19:01","date_gmt":"2018-08-01T13:19:01","guid":{"rendered":"http:\/\/zimm-motos.com.br\/portal\/?post_type=product&#038;p=1963"},"modified":"2025-02-18T06:33:47","modified_gmt":"2025-02-18T09:33:47","slug":"filtro-de-ar-athena-husqvarna-wr-125-250-360-1994-2013","status":"publish","type":"product","link":"https:\/\/zimm-motos.com.br\/portal\/loja\/filtro-de-ar-athena-husqvarna-wr-125-250-360-1994-2013\/","title":{"rendered":"Filtro de ar Athena Husqvarna WR 125-250-360 1994-2013"},"content":{"rendered":"<p><!--?xml version=\"1.0\" encoding=\"utf-8\"?--><\/p>\n<p style=\"text-align: center;\"><span style=\"font-size: 12pt; color: #0000ff;\"><strong style=\"font-family: Verdana, Arial, Helvetica, sans-serif; line-height: 1.5em; text-align: left;\">Filtro de ar Athena Husqvarna<\/strong><\/span><\/p>\n<p align=\"center\"><span style=\"font-family: Verdana, Arial, Helvetica, sans-serif; color: #0000ff; font-size: 12pt;\"><strong>WR 125 1999 a 2007<\/strong><\/span><\/p>\n<p align=\"center\"><span style=\"font-family: Verdana, Arial, Helvetica, sans-serif; color: #0000ff; font-size: 12pt;\"><strong>WR 250 1994 a 2013<\/strong><\/span><\/p>\n<p align=\"center\"><span style=\"font-family: Verdana, Arial, Helvetica, sans-serif; color: #0000ff; font-size: 12pt;\"><strong>WR 300 2009 a 2013<\/strong><\/span><\/p>\n<p align=\"center\"><span style=\"color: #0000ff; font-size: 12pt;\"><span style=\"font-family: Verdana, Arial, Helvetica, sans-serif;\"><strong>WR\u00a0360 <\/strong><\/span><span style=\"font-family: Verdana, Arial, Helvetica, sans-serif;\"><strong>1994 a 2002<\/strong><\/span>\u00a0<\/span><\/p>\n<p align=\"center\"><span style=\"font-size: 12pt; color: #0000ff;\"><strong><span style=\"font-family: verdana, geneva, sans-serif;\">Os filtros de ar Athena s\u00e3o desenvolvidos com a mais alta qualidade, perfeitos para substitui\u00e7\u00e3o do original.<\/span><\/strong><\/span><br \/>\n<span style=\"font-size: 12pt; color: #0000ff;\"><strong><span style=\"font-family: verdana, geneva, sans-serif;\">Fabricados em camada dupla de poliuretano de c\u00e9lula aberta, s\u00e3o retardadores de chama (atendem a ISO 3795) e sua estrutura garante excelente filtragem e passagem de ar.<\/span><\/strong><\/span><\/p>\n<p align=\"center\"><span style=\"color: #0000ff; font-size: 12pt;\"><span style=\"font-family: Verdana, Arial, Helvetica, sans-serif;\"><strong>\u00a0<\/strong><\/span><span style=\"font-family: Verdana, Arial, Helvetica, sans-serif;\"><span style=\"text-decoration: underline;\"><strong>\u00a0Fotografia meramente ilustrativa<\/strong><\/span><\/span><\/span><\/p>\n","protected":false},"excerpt":{"rendered":"<p style=\"text-align: center;\"><strong><span style=\"color: #0000ff;\"><br \/>\n<img decoding=\"async\" class=\"wp-image-2275 aligncenter\" src=\"https:\/\/zimm-motos.com.br\/portal\/wp-content\/uploads\/2014\/05\/Athena-300x49.gif\" alt=\"\" width=\"202\" height=\"33\" \/><\/span><\/strong><\/p>\n","protected":false},"featured_media":1962,"comment_status":"open","ping_status":"closed","template":"","meta":{"nf_dc_page":"","_crdt_document":"","om_disable_all_campaigns":false,"_monsterinsights_skip_tracking":false,"_monsterinsights_sitenote_active":false,"_monsterinsights_sitenote_note":"","_monsterinsights_sitenote_category":0,"jetpack_publicize_message":"","jetpack_publicize_feature_enabled":true,"jetpack_social_post_already_shared":true,"jetpack_social_options":{"image_generator_settings":{"template":"highway","default_image_id":0,"font":"","enabled":false},"version":2}},"product_brand":[],"product_cat":[111,24,40],"product_tag":[178],"class_list":{"0":"post-1963","1":"product","2":"type-product","3":"status-publish","4":"has-post-thumbnail","6":"product_cat-filtro-de-ar","7":"product_cat-pcshusq","8":"product_cat-motor-pcshusq","9":"product_tag-filtro-de-ar","11":"first","12":"instock","13":"taxable","14":"shipping-taxable","15":"purchasable","16":"product-type-simple"},"jetpack_publicize_connections":[],"jetpack_likes_enabled":true,"jetpack_sharing_enabled":true,"_links":{"self":[{"href":"https:\/\/zimm-motos.com.br\/portal\/wp-json\/wp\/v2\/product\/1963","targetHints":{"allow":["GET"]}}],"collection":[{"href":"https:\/\/zimm-motos.com.br\/portal\/wp-json\/wp\/v2\/product"}],"about":[{"href":"https:\/\/zimm-motos.com.br\/portal\/wp-json\/wp\/v2\/types\/product"}],"replies":[{"embeddable":true,"href":"https:\/\/zimm-motos.com.br\/portal\/wp-json\/wp\/v2\/comments?post=1963"}],"version-history":[{"count":2,"href":"https:\/\/zimm-motos.com.br\/portal\/wp-json\/wp\/v2\/product\/1963\/revisions"}],"predecessor-version":[{"id":23446,"href":"https:\/\/zimm-motos.com.br\/portal\/wp-json\/wp\/v2\/product\/1963\/revisions\/23446"}],"wp:featuredmedia":[{"embeddable":true,"href":"https:\/\/zimm-motos.com.br\/portal\/wp-json\/wp\/v2\/media\/1962"}],"wp:attachment":[{"href":"https:\/\/zimm-motos.com.br\/portal\/wp-json\/wp\/v2\/media?parent=1963"}],"wp:term":[{"taxonomy":"product_brand","embeddable":true,"href":"https:\/\/zimm-motos.com.br\/portal\/wp-json\/wp\/v2\/product_brand?post=1963"},{"taxonomy":"product_cat","embeddable":true,"href":"https:\/\/zimm-motos.com.br\/portal\/wp-json\/wp\/v2\/product_cat?post=1963"},{"taxonomy":"product_tag","embeddable":true,"href":"https:\/\/zimm-motos.com.br\/portal\/wp-json\/wp\/v2\/product_tag?post=1963"}],"curies":[{"name":"wp","href":"https:\/\/api.w.org\/{rel}","templated":true}]}}