{"id":22424,"date":"2020-05-09T18:22:07","date_gmt":"2020-05-09T21:22:07","guid":{"rendered":"https:\/\/zimm-motos.com.br\/portal\/?post_type=product&#038;p=22424"},"modified":"2020-05-09T18:27:42","modified_gmt":"2020-05-09T21:27:42","slug":"pastilhas-de-freio-dianteira-brembo-sinterizada-husqvarna-wr-125-250-360-1995-2013","status":"publish","type":"product","link":"https:\/\/zimm-motos.com.br\/portal\/loja\/pastilhas-de-freio-dianteira-brembo-sinterizada-husqvarna-wr-125-250-360-1995-2013\/","title":{"rendered":"Pastilhas de freio dianteira Brembo sinterizada Husqvarna WR 125-250-360 1995-2013"},"content":{"rendered":"<p style=\"text-align: center;\"><span style=\"font-family: verdana, geneva, sans-serif;\"><strong><span style=\"font-size: 10pt;\">Pastilhas de freio dianteira Brembo sinterizada\u00a0<\/span><\/strong><\/span><span style=\"font-family: verdana, geneva, sans-serif;\"><strong><span style=\"font-size: 10pt;\">Husqvarna <\/span><\/strong><\/span><\/p>\n<p style=\"text-align: center;\"><span style=\"font-family: verdana, geneva, sans-serif;\"><strong><span style=\"font-size: 10pt;\">WR 125 2000-2013 <\/span><\/strong><\/span><\/p>\n<p style=\"text-align: center;\"><span style=\"font-family: verdana, geneva, sans-serif;\"><strong><span style=\"font-size: 10pt;\">WR 250 1995-2013 <\/span><\/strong><\/span><\/p>\n<p style=\"text-align: center;\"><span style=\"font-family: verdana, geneva, sans-serif;\"><strong><span style=\"font-size: 10pt;\">WR 360 1995-2002<\/span><\/strong><\/span><\/p>\n<p style=\"text-align: center;\"><span style=\"font-family: verdana, geneva, sans-serif; font-size: 10pt;\"><strong>As pastilhas sinterizadas Brembo s\u00e3o produzidas a partir da mistura de p\u00f3s met\u00e1licos, com a adi\u00e7\u00e3o de compostos abrasivos, submetidos a alta temperatura, e press\u00e3o, moldados numa base de a\u00e7o<\/strong><\/span><\/p>\n<p style=\"text-align: center;\"><span style=\"font-family: verdana, geneva, sans-serif; font-size: 10pt;\"><strong>O resultando,\u00a0um produto de alta qualidade de frenagem, mantendo os disco de freio sempre limpos<\/strong><\/span><\/p>\n","protected":false},"excerpt":{"rendered":"<p><img decoding=\"async\" class=\"size-full wp-image-2381 aligncenter\" src=\"https:\/\/zimm-motos.com.br\/portal\/wp-content\/uploads\/2014\/08\/Brembo.gif\" alt=\"\" width=\"150\" height=\"37\" \/><\/p>\n<p style=\"text-align: center;\"><span style=\"color: #0000ff;\"><strong><span style=\"font-family: verdana, geneva, sans-serif;\">Sob encomenda, prazo m\u00e9dio de entrega 21 a 28 dias uteis<\/span><\/strong><\/span><\/p>\n","protected":false},"featured_media":3490,"comment_status":"open","ping_status":"closed","template":"","meta":{"nf_dc_page":"","_crdt_document":"","om_disable_all_campaigns":false,"_monsterinsights_skip_tracking":false,"_monsterinsights_sitenote_active":false,"_monsterinsights_sitenote_note":"","_monsterinsights_sitenote_category":0,"jetpack_publicize_message":"","jetpack_publicize_feature_enabled":true,"jetpack_social_post_already_shared":true,"jetpack_social_options":{"image_generator_settings":{"template":"highway","default_image_id":0,"font":"","enabled":false},"version":2}},"product_brand":[],"product_cat":[56,24,105],"product_tag":[328,333,338,233],"class_list":{"0":"post-22424","1":"product","2":"type-product","3":"status-publish","4":"has-post-thumbnail","6":"product_cat-freio-pcshusq","7":"product_cat-pcshusq","8":"product_cat-pastilhas","9":"product_tag-brembo","10":"product_tag-wr-125","11":"product_tag-wr-250","12":"product_tag-wr-360","14":"first","15":"onbackorder","16":"taxable","17":"shipping-taxable","18":"purchasable","19":"product-type-simple"},"jetpack_publicize_connections":[],"jetpack_likes_enabled":true,"jetpack_sharing_enabled":true,"_links":{"self":[{"href":"https:\/\/zimm-motos.com.br\/portal\/wp-json\/wp\/v2\/product\/22424","targetHints":{"allow":["GET"]}}],"collection":[{"href":"https:\/\/zimm-motos.com.br\/portal\/wp-json\/wp\/v2\/product"}],"about":[{"href":"https:\/\/zimm-motos.com.br\/portal\/wp-json\/wp\/v2\/types\/product"}],"replies":[{"embeddable":true,"href":"https:\/\/zimm-motos.com.br\/portal\/wp-json\/wp\/v2\/comments?post=22424"}],"version-history":[{"count":0,"href":"https:\/\/zimm-motos.com.br\/portal\/wp-json\/wp\/v2\/product\/22424\/revisions"}],"wp:featuredmedia":[{"embeddable":true,"href":"https:\/\/zimm-motos.com.br\/portal\/wp-json\/wp\/v2\/media\/3490"}],"wp:attachment":[{"href":"https:\/\/zimm-motos.com.br\/portal\/wp-json\/wp\/v2\/media?parent=22424"}],"wp:term":[{"taxonomy":"product_brand","embeddable":true,"href":"https:\/\/zimm-motos.com.br\/portal\/wp-json\/wp\/v2\/product_brand?post=22424"},{"taxonomy":"product_cat","embeddable":true,"href":"https:\/\/zimm-motos.com.br\/portal\/wp-json\/wp\/v2\/product_cat?post=22424"},{"taxonomy":"product_tag","embeddable":true,"href":"https:\/\/zimm-motos.com.br\/portal\/wp-json\/wp\/v2\/product_tag?post=22424"}],"curies":[{"name":"wp","href":"https:\/\/api.w.org\/{rel}","templated":true}]}}