{"id":22462,"date":"2020-06-09T22:08:18","date_gmt":"2020-06-10T01:08:18","guid":{"rendered":"https:\/\/zimm-motos.com.br\/portal\/?post_type=product&#038;p=22462"},"modified":"2020-06-10T08:15:20","modified_gmt":"2020-06-10T11:15:20","slug":"coroa-53z-husqvarna-wr-te-1994-2009","status":"publish","type":"product","link":"https:\/\/zimm-motos.com.br\/portal\/loja\/coroa-53z-husqvarna-wr-te-1994-2009\/","title":{"rendered":"Coroa 53z Husqvarna WR-TE 1994-2009"},"content":{"rendered":"<p style=\"text-align: center;\"><span style=\"font-family: verdana, geneva, sans-serif; font-size: 10pt;\"><strong>Coroa 53z Husqvarna WR-TE 1994-2009<\/strong><\/span><\/p>\n<p style=\"text-align: center;\"><span style=\"font-family: verdana, geneva, sans-serif; font-size: 10pt;\"><strong>Projetadas para diminuir peso e aumentar a resist\u00eancia, em a\u00e7o carbono 1045, usinadas em CNC para oferecer a maior concentricidade e perfil de dente ideal para maior vida \u00fatil<\/strong><\/span><br \/>\n<span style=\"font-family: verdana, geneva, sans-serif; font-size: 10pt;\"><strong>transfer\u00eancia de pot\u00eancia m\u00e1xima e durabilidade nos mais diversos terrenos e condi\u00e7\u00f5es adversas.<\/strong><\/span><\/p>\n<p>&nbsp;<\/p>\n","protected":false},"excerpt":{"rendered":"<p><img decoding=\"async\" class=\"wp-image-3865 aligncenter\" src=\"https:\/\/zimm-motos.com.br\/portal\/wp-content\/uploads\/2019\/04\/Zimm-Off-Road-300x300.jpg\" alt=\"\" width=\"201\" height=\"201\" srcset=\"https:\/\/i0.wp.com\/zimm-motos.com.br\/portal\/wp-content\/uploads\/2019\/04\/Zimm-Off-Road.jpg?resize=300%2C300&amp;ssl=1 300w, https:\/\/i0.wp.com\/zimm-motos.com.br\/portal\/wp-content\/uploads\/2019\/04\/Zimm-Off-Road.jpg?resize=150%2C150&amp;ssl=1 150w, https:\/\/i0.wp.com\/zimm-motos.com.br\/portal\/wp-content\/uploads\/2019\/04\/Zimm-Off-Road.jpg?resize=768%2C768&amp;ssl=1 768w, https:\/\/i0.wp.com\/zimm-motos.com.br\/portal\/wp-content\/uploads\/2019\/04\/Zimm-Off-Road.jpg?resize=1024%2C1024&amp;ssl=1 1024w, https:\/\/i0.wp.com\/zimm-motos.com.br\/portal\/wp-content\/uploads\/2019\/04\/Zimm-Off-Road.jpg?resize=400%2C400&amp;ssl=1 400w, https:\/\/i0.wp.com\/zimm-motos.com.br\/portal\/wp-content\/uploads\/2019\/04\/Zimm-Off-Road.jpg?resize=324%2C324&amp;ssl=1 324w, https:\/\/i0.wp.com\/zimm-motos.com.br\/portal\/wp-content\/uploads\/2019\/04\/Zimm-Off-Road.jpg?resize=416%2C416&amp;ssl=1 416w, https:\/\/i0.wp.com\/zimm-motos.com.br\/portal\/wp-content\/uploads\/2019\/04\/Zimm-Off-Road.jpg?resize=100%2C100&amp;ssl=1 100w, https:\/\/i0.wp.com\/zimm-motos.com.br\/portal\/wp-content\/uploads\/2019\/04\/Zimm-Off-Road.jpg?w=1134&amp;ssl=1 1134w\" sizes=\"(max-width: 201px) 100vw, 201px\" \/><\/p>\n<p style=\"text-align: center;\"><span style=\"font-family: verdana, geneva, sans-serif; font-size: 10pt; color: #0000ff;\"><strong>Fotografia meramente ilustrativa 4 dias uteis para envio<\/strong><\/span><\/p>\n","protected":false},"featured_media":1289,"comment_status":"open","ping_status":"closed","template":"","meta":{"nf_dc_page":"","_crdt_document":"","om_disable_all_campaigns":false,"_monsterinsights_skip_tracking":false,"_monsterinsights_sitenote_active":false,"_monsterinsights_sitenote_note":"","_monsterinsights_sitenote_category":0,"jetpack_publicize_message":"","jetpack_publicize_feature_enabled":true,"jetpack_social_post_already_shared":true,"jetpack_social_options":{"image_generator_settings":{"template":"highway","default_image_id":0,"font":"","enabled":false},"version":2}},"product_brand":[],"product_cat":[74,24,52],"product_tag":[218],"class_list":{"0":"post-22462","1":"product","2":"type-product","3":"status-publish","4":"has-post-thumbnail","6":"product_cat-coroa","7":"product_cat-pcshusq","8":"product_cat-transmissao","9":"product_tag-coroa","11":"first","12":"instock","13":"taxable","14":"shipping-taxable","15":"purchasable","16":"product-type-simple"},"jetpack_publicize_connections":[],"jetpack_likes_enabled":true,"jetpack_sharing_enabled":true,"_links":{"self":[{"href":"https:\/\/zimm-motos.com.br\/portal\/wp-json\/wp\/v2\/product\/22462","targetHints":{"allow":["GET"]}}],"collection":[{"href":"https:\/\/zimm-motos.com.br\/portal\/wp-json\/wp\/v2\/product"}],"about":[{"href":"https:\/\/zimm-motos.com.br\/portal\/wp-json\/wp\/v2\/types\/product"}],"replies":[{"embeddable":true,"href":"https:\/\/zimm-motos.com.br\/portal\/wp-json\/wp\/v2\/comments?post=22462"}],"version-history":[{"count":0,"href":"https:\/\/zimm-motos.com.br\/portal\/wp-json\/wp\/v2\/product\/22462\/revisions"}],"wp:featuredmedia":[{"embeddable":true,"href":"https:\/\/zimm-motos.com.br\/portal\/wp-json\/wp\/v2\/media\/1289"}],"wp:attachment":[{"href":"https:\/\/zimm-motos.com.br\/portal\/wp-json\/wp\/v2\/media?parent=22462"}],"wp:term":[{"taxonomy":"product_brand","embeddable":true,"href":"https:\/\/zimm-motos.com.br\/portal\/wp-json\/wp\/v2\/product_brand?post=22462"},{"taxonomy":"product_cat","embeddable":true,"href":"https:\/\/zimm-motos.com.br\/portal\/wp-json\/wp\/v2\/product_cat?post=22462"},{"taxonomy":"product_tag","embeddable":true,"href":"https:\/\/zimm-motos.com.br\/portal\/wp-json\/wp\/v2\/product_tag?post=22462"}],"curies":[{"name":"wp","href":"https:\/\/api.w.org\/{rel}","templated":true}]}}