{"id":22610,"date":"2020-10-27T11:38:57","date_gmt":"2020-10-27T14:38:57","guid":{"rendered":"https:\/\/zimm-motos.com.br\/portal\/?post_type=product&#038;p=22610"},"modified":"2020-10-27T11:38:57","modified_gmt":"2020-10-27T14:38:57","slug":"coxim-do-hodometro-husqvarna-wr-1994-2002","status":"publish","type":"product","link":"https:\/\/zimm-motos.com.br\/portal\/loja\/coxim-do-hodometro-husqvarna-wr-1994-2002\/","title":{"rendered":"Coxim do hodometro Husqvarna WR 1994-2002"},"content":{"rendered":"<p style=\"text-align: center;\"><span style=\"font-family: verdana, geneva, sans-serif; font-size: 10pt; color: #0000ff;\"><strong>Coxim de fixa\u00e7\u00e3o do hod\u00f4metro Husqvarna<\/strong><\/span><\/p>\n<p style=\"text-align: center;\"><span style=\"font-family: verdana, geneva, sans-serif; font-size: 10pt; color: #0000ff;\"><strong>WR 250 1994-2002<\/strong><\/span><\/p>\n<p style=\"text-align: center;\"><span style=\"font-family: verdana, geneva, sans-serif; font-size: 10pt; color: #0000ff;\"><strong>WR 360 1994-2002<\/strong><\/span><\/p>\n","protected":false},"excerpt":{"rendered":"<p><img decoding=\"async\" class=\"size-full wp-image-2429 aligncenter\" src=\"https:\/\/zimm-motos.com.br\/portal\/wp-content\/uploads\/2017\/07\/Husqvarna.gif\" alt=\"\" width=\"200\" height=\"67\" \/><\/p>\n","protected":false},"featured_media":22611,"comment_status":"open","ping_status":"closed","template":"","meta":{"nf_dc_page":"","_crdt_document":"","om_disable_all_campaigns":false,"_monsterinsights_skip_tracking":false,"_monsterinsights_sitenote_active":false,"_monsterinsights_sitenote_note":"","_monsterinsights_sitenote_category":0,"jetpack_publicize_message":"","jetpack_publicize_feature_enabled":true,"jetpack_social_post_already_shared":true,"jetpack_social_options":{"image_generator_settings":{"template":"highway","default_image_id":0,"font":"","enabled":false},"version":2}},"product_brand":[],"product_cat":[334],"product_tag":[233],"class_list":{"0":"post-22610","1":"product","2":"type-product","3":"status-publish","4":"has-post-thumbnail","6":"product_cat-sem-categoria","7":"product_tag-wr-360","9":"first","10":"instock","11":"taxable","12":"shipping-taxable","13":"purchasable","14":"product-type-simple"},"jetpack_publicize_connections":[],"jetpack_likes_enabled":true,"jetpack_sharing_enabled":true,"_links":{"self":[{"href":"https:\/\/zimm-motos.com.br\/portal\/wp-json\/wp\/v2\/product\/22610","targetHints":{"allow":["GET"]}}],"collection":[{"href":"https:\/\/zimm-motos.com.br\/portal\/wp-json\/wp\/v2\/product"}],"about":[{"href":"https:\/\/zimm-motos.com.br\/portal\/wp-json\/wp\/v2\/types\/product"}],"replies":[{"embeddable":true,"href":"https:\/\/zimm-motos.com.br\/portal\/wp-json\/wp\/v2\/comments?post=22610"}],"version-history":[{"count":0,"href":"https:\/\/zimm-motos.com.br\/portal\/wp-json\/wp\/v2\/product\/22610\/revisions"}],"wp:featuredmedia":[{"embeddable":true,"href":"https:\/\/zimm-motos.com.br\/portal\/wp-json\/wp\/v2\/media\/22611"}],"wp:attachment":[{"href":"https:\/\/zimm-motos.com.br\/portal\/wp-json\/wp\/v2\/media?parent=22610"}],"wp:term":[{"taxonomy":"product_brand","embeddable":true,"href":"https:\/\/zimm-motos.com.br\/portal\/wp-json\/wp\/v2\/product_brand?post=22610"},{"taxonomy":"product_cat","embeddable":true,"href":"https:\/\/zimm-motos.com.br\/portal\/wp-json\/wp\/v2\/product_cat?post=22610"},{"taxonomy":"product_tag","embeddable":true,"href":"https:\/\/zimm-motos.com.br\/portal\/wp-json\/wp\/v2\/product_tag?post=22610"}],"curies":[{"name":"wp","href":"https:\/\/api.w.org\/{rel}","templated":true}]}}