{"id":3352,"date":"2018-06-20T15:50:22","date_gmt":"2018-06-20T18:50:22","guid":{"rendered":"http:\/\/zimm-motos.com.br\/portal\/?post_type=product&#038;p=3352"},"modified":"2020-12-17T13:51:46","modified_gmt":"2020-12-17T16:51:46","slug":"protetor-de-motor-axp-gas-gas-ec-250-300-2012-2015","status":"publish","type":"product","link":"https:\/\/zimm-motos.com.br\/portal\/loja\/protetor-de-motor-axp-gas-gas-ec-250-300-2012-2015\/","title":{"rendered":"Protetor de motor AXP Gas Gas EC 250-300 2012-2015"},"content":{"rendered":"<p style=\"text-align: center;\"><span style=\"font-size: 10pt; font-family: verdana, geneva, sans-serif;\"><strong>Protetor de motor AXP Gas Gas EC 250-300 2012-2015\u00a0<\/strong><\/span><\/p>\n<p style=\"text-align: center;\"><span style=\"font-size: 10pt; font-family: verdana, geneva, sans-serif;\"><strong>Prote\u00e7\u00e3o do motor em pl\u00e1stico PHD de alta resist\u00eancia. <\/strong><\/span><\/p>\n<p style=\"text-align: center;\"><span style=\"font-size: 10pt; font-family: verdana, geneva, sans-serif;\"><strong>40% mais leve do que a prote\u00e7\u00e3o de alum\u00ednio, livre de vibra\u00e7\u00f5es, n\u00e3o se deforma.<\/strong><\/span><\/p>\n","protected":false},"excerpt":{"rendered":"<p><img decoding=\"async\" class=\" wp-image-3353 aligncenter\" src=\"http:\/\/zimm-motos.com.br\/portal\/wp-content\/uploads\/2018\/06\/AXP.jpg\" alt=\"\" width=\"175\" height=\"106\" \/><\/p>\n","protected":false},"featured_media":3354,"comment_status":"open","ping_status":"closed","template":"","meta":{"nf_dc_page":"","_crdt_document":"","om_disable_all_campaigns":false,"_monsterinsights_skip_tracking":false,"_monsterinsights_sitenote_active":false,"_monsterinsights_sitenote_note":"","_monsterinsights_sitenote_category":0,"jetpack_publicize_message":"","jetpack_publicize_feature_enabled":true,"jetpack_social_post_already_shared":true,"jetpack_social_options":{"image_generator_settings":{"template":"highway","default_image_id":0,"font":"","enabled":false},"version":2}},"product_brand":[],"product_cat":[25,34],"product_tag":[],"class_list":{"0":"post-3352","1":"product","2":"type-product","3":"status-publish","4":"has-post-thumbnail","6":"product_cat-gas-gas","7":"product_cat-motor","9":"first","10":"instock","11":"sale","12":"taxable","13":"shipping-taxable","14":"purchasable","15":"product-type-simple"},"jetpack_publicize_connections":[],"jetpack_likes_enabled":true,"jetpack_sharing_enabled":true,"_links":{"self":[{"href":"https:\/\/zimm-motos.com.br\/portal\/wp-json\/wp\/v2\/product\/3352","targetHints":{"allow":["GET"]}}],"collection":[{"href":"https:\/\/zimm-motos.com.br\/portal\/wp-json\/wp\/v2\/product"}],"about":[{"href":"https:\/\/zimm-motos.com.br\/portal\/wp-json\/wp\/v2\/types\/product"}],"replies":[{"embeddable":true,"href":"https:\/\/zimm-motos.com.br\/portal\/wp-json\/wp\/v2\/comments?post=3352"}],"version-history":[{"count":1,"href":"https:\/\/zimm-motos.com.br\/portal\/wp-json\/wp\/v2\/product\/3352\/revisions"}],"predecessor-version":[{"id":22676,"href":"https:\/\/zimm-motos.com.br\/portal\/wp-json\/wp\/v2\/product\/3352\/revisions\/22676"}],"wp:featuredmedia":[{"embeddable":true,"href":"https:\/\/zimm-motos.com.br\/portal\/wp-json\/wp\/v2\/media\/3354"}],"wp:attachment":[{"href":"https:\/\/zimm-motos.com.br\/portal\/wp-json\/wp\/v2\/media?parent=3352"}],"wp:term":[{"taxonomy":"product_brand","embeddable":true,"href":"https:\/\/zimm-motos.com.br\/portal\/wp-json\/wp\/v2\/product_brand?post=3352"},{"taxonomy":"product_cat","embeddable":true,"href":"https:\/\/zimm-motos.com.br\/portal\/wp-json\/wp\/v2\/product_cat?post=3352"},{"taxonomy":"product_tag","embeddable":true,"href":"https:\/\/zimm-motos.com.br\/portal\/wp-json\/wp\/v2\/product_tag?post=3352"}],"curies":[{"name":"wp","href":"https:\/\/api.w.org\/{rel}","templated":true}]}}