{"id":3541,"date":"2018-09-17T12:51:12","date_gmt":"2018-09-17T15:51:12","guid":{"rendered":"https:\/\/zimm-motos.com.br\/portal\/?post_type=product&#038;p=3541"},"modified":"2023-01-02T08:50:01","modified_gmt":"2023-01-02T11:50:01","slug":"arruela-de-vedacao-do-parafuso-do-cabecote-gas-gas-ec-250-300-2000-2017","status":"publish","type":"product","link":"https:\/\/zimm-motos.com.br\/portal\/loja\/arruela-de-vedacao-do-parafuso-do-cabecote-gas-gas-ec-250-300-2000-2017\/","title":{"rendered":"Arruela de veda\u00e7\u00e3o do parafuso do cabe\u00e7ote Gas Gas EC 250-300 2000-2017"},"content":{"rendered":"<p style=\"text-align: center;\"><span style=\"font-size: 12pt; color: #0000ff;\"><strong><span style=\"font-family: verdana, geneva, sans-serif;\">Arruela de veda\u00e7\u00e3o do parafuso do cabe\u00e7ote Gas Gas <\/span><\/strong><\/span><\/p>\n<p style=\"text-align: center;\"><span style=\"font-size: 12pt; color: #0000ff;\"><strong><span style=\"font-family: verdana, geneva, sans-serif;\">EC 250<\/span><\/strong><strong><span style=\"font-family: verdana, geneva, sans-serif;\"> 2000-2017<\/span><\/strong><\/span><\/p>\n<p style=\"text-align: center;\"><span style=\"font-size: 12pt; color: #0000ff;\"><strong><span style=\"font-family: verdana, geneva, sans-serif;\">EC 300 2000-2017 <\/span><\/strong><\/span><\/p>\n<p style=\"text-align: center;\"><span style=\"font-size: 12pt;\"><strong><span style=\"font-family: verdana, geneva, sans-serif;\"><span style=\"color: #0000ff;\">Fotografia meramente ilustrativa<\/span><\/span><\/strong><\/span><\/p>\n","protected":false},"excerpt":{"rendered":"<p><img decoding=\"async\" class=\" wp-image-22405 aligncenter\" src=\"https:\/\/zimm-motos.com.br\/portal\/wp-content\/uploads\/2020\/04\/GG-1.jpg\" alt=\"\" width=\"136\" height=\"82\" \/><\/p>\n<p style=\"text-align: center;\"><span style=\"font-family: verdana, geneva, sans-serif; font-size: 14pt; color: #ff0000;\"><strong>Pre\u00e7o unit\u00e1rio <\/strong><\/span><\/p>\n<p style=\"text-align: center;\"><span style=\"font-family: verdana, geneva, sans-serif; font-size: 14pt;\"><strong><span style=\"color: #0000ff;\">Dimens\u00f5es 8x12x1,5<\/span><\/strong><\/span><\/p>\n","protected":false},"featured_media":3542,"comment_status":"open","ping_status":"closed","template":"","meta":{"nf_dc_page":"","_crdt_document":"","om_disable_all_campaigns":false,"_monsterinsights_skip_tracking":false,"_monsterinsights_sitenote_active":false,"_monsterinsights_sitenote_note":"","_monsterinsights_sitenote_category":0,"jetpack_publicize_message":"","jetpack_publicize_feature_enabled":true,"jetpack_social_post_already_shared":true,"jetpack_social_options":{"image_generator_settings":{"template":"highway","default_image_id":0,"font":"","enabled":false},"version":2}},"product_brand":[],"product_cat":[25,34],"product_tag":[357,347],"class_list":{"0":"post-3541","1":"product","2":"type-product","3":"status-publish","4":"has-post-thumbnail","6":"product_cat-gas-gas","7":"product_cat-motor","8":"product_tag-ec-250","9":"product_tag-ec-300","11":"first","12":"instock","13":"taxable","14":"shipping-taxable","15":"purchasable","16":"product-type-simple"},"jetpack_publicize_connections":[],"jetpack_likes_enabled":true,"jetpack_sharing_enabled":true,"_links":{"self":[{"href":"https:\/\/zimm-motos.com.br\/portal\/wp-json\/wp\/v2\/product\/3541","targetHints":{"allow":["GET"]}}],"collection":[{"href":"https:\/\/zimm-motos.com.br\/portal\/wp-json\/wp\/v2\/product"}],"about":[{"href":"https:\/\/zimm-motos.com.br\/portal\/wp-json\/wp\/v2\/types\/product"}],"replies":[{"embeddable":true,"href":"https:\/\/zimm-motos.com.br\/portal\/wp-json\/wp\/v2\/comments?post=3541"}],"version-history":[{"count":0,"href":"https:\/\/zimm-motos.com.br\/portal\/wp-json\/wp\/v2\/product\/3541\/revisions"}],"wp:featuredmedia":[{"embeddable":true,"href":"https:\/\/zimm-motos.com.br\/portal\/wp-json\/wp\/v2\/media\/3542"}],"wp:attachment":[{"href":"https:\/\/zimm-motos.com.br\/portal\/wp-json\/wp\/v2\/media?parent=3541"}],"wp:term":[{"taxonomy":"product_brand","embeddable":true,"href":"https:\/\/zimm-motos.com.br\/portal\/wp-json\/wp\/v2\/product_brand?post=3541"},{"taxonomy":"product_cat","embeddable":true,"href":"https:\/\/zimm-motos.com.br\/portal\/wp-json\/wp\/v2\/product_cat?post=3541"},{"taxonomy":"product_tag","embeddable":true,"href":"https:\/\/zimm-motos.com.br\/portal\/wp-json\/wp\/v2\/product_tag?post=3541"}],"curies":[{"name":"wp","href":"https:\/\/api.w.org\/{rel}","templated":true}]}}