{"id":3657,"date":"2018-12-11T17:19:11","date_gmt":"2018-12-11T20:19:11","guid":{"rendered":"https:\/\/zimm-motos.com.br\/portal\/?post_type=product&#038;p=3657"},"modified":"2018-12-31T00:03:06","modified_gmt":"2018-12-31T03:03:06","slug":"anel-oring-de-vedacao-da-tampa-do-filtro-de-oleo-husqvarna-te-2004-2009","status":"publish","type":"product","link":"https:\/\/zimm-motos.com.br\/portal\/loja\/anel-oring-de-vedacao-da-tampa-do-filtro-de-oleo-husqvarna-te-2004-2009\/","title":{"rendered":"Anel oring de veda\u00e7\u00e3o da tampa do filtro de \u00f3leo Husqvarna TE 2004-2009"},"content":{"rendered":"<p><!--?xml version=\"1.0\" encoding=\"utf-8\"?--><\/p>\n<p align=\"center\"><span style=\"color: #000000; font-family: Verdana, Arial, Helvetica, sans-serif; font-size: 10pt;\"><strong>Anel oring de veda\u00e7\u00e3o da tampa do filtro de \u00f3leo\u00a0<\/strong><\/span><span style=\"color: #000000; font-family: Verdana, Arial, Helvetica, sans-serif; font-size: 10pt;\"><strong>Husqvarna <\/strong><\/span><\/p>\n<p align=\"center\"><span style=\"color: #000000; font-family: Verdana, Arial, Helvetica, sans-serif; font-size: 10pt;\"><strong>TE 250 2004-2009 <\/strong><\/span><\/p>\n<p align=\"center\"><span style=\"color: #000000; font-family: Verdana, Arial, Helvetica, sans-serif; font-size: 10pt;\"><strong>TE 310 2009 <\/strong><\/span><\/p>\n<p align=\"center\"><span style=\"color: #000000; font-family: Verdana, Arial, Helvetica, sans-serif; font-size: 10pt;\"><strong>TE 450 2004-2009 <\/strong><\/span><\/p>\n<p align=\"center\"><span style=\"color: #000000; font-family: Verdana, Arial, Helvetica, sans-serif; font-size: 10pt;\"><strong>TE 510 2007-2009 <\/strong><\/span><\/p>\n<p align=\"center\"><span style=\"color: #000000; font-family: Verdana, Arial, Helvetica, sans-serif; font-size: 10pt;\"><strong>SM 510R 2007<\/strong><\/span><\/p>\n<p align=\"center\"><span style=\"font-size: 8pt; color: #0000ff;\"><strong style=\"font-size: 10.909090995788574px; line-height: 1.5em; text-align: left;\"><span style=\"font-family: Verdana;\">Fotografia meramente ilustrativa<\/span><\/strong><\/span><\/p>\n<p align=\"center\">\n","protected":false},"excerpt":{"rendered":"<p style=\"text-align: center;\"><img decoding=\"async\" src=\"http:\/\/zimm-motos.com.br\/loja\/img\/cms\/HVA.gif\" alt=\"\" width=\"50\" height=\"36\" \/><img decoding=\"async\" class=\"size-full wp-image-2429 aligncenter\" src=\"http:\/\/zimm-motos.com.br\/portal\/wp-content\/uploads\/2017\/07\/Husqvarna.gif\" alt=\"\" width=\"200\" height=\"67\" \/><\/p>\n<p style=\"text-align: center;\"><span style=\"color: #0000ff; font-family: verdana, geneva;\"><span style=\"font-size: 13.3333px;\"><b>50,47&#215;2,62<\/b><\/span><\/span><\/p>\n","protected":false},"featured_media":396,"comment_status":"open","ping_status":"closed","template":"","meta":{"nf_dc_page":"","_crdt_document":"","om_disable_all_campaigns":false,"_monsterinsights_skip_tracking":false,"_monsterinsights_sitenote_active":false,"_monsterinsights_sitenote_note":"","_monsterinsights_sitenote_category":0,"jetpack_publicize_message":"","jetpack_publicize_feature_enabled":true,"jetpack_social_post_already_shared":true,"jetpack_social_options":{"image_generator_settings":{"template":"highway","default_image_id":0,"font":"","enabled":false},"version":2}},"product_brand":[],"product_cat":[126,24,75,42],"product_tag":[179,325],"class_list":{"0":"post-3657","1":"product","2":"type-product","3":"status-publish","4":"has-post-thumbnail","6":"product_cat-filtro-de-oleo","7":"product_cat-pcshusq","8":"product_cat-juntas","9":"product_cat-motor-4t","10":"product_tag-filtro-de-oleo","11":"product_tag-te-310","13":"first","14":"instock","15":"taxable","16":"shipping-taxable","17":"purchasable","18":"product-type-simple"},"jetpack_publicize_connections":[],"jetpack_likes_enabled":true,"jetpack_sharing_enabled":true,"_links":{"self":[{"href":"https:\/\/zimm-motos.com.br\/portal\/wp-json\/wp\/v2\/product\/3657","targetHints":{"allow":["GET"]}}],"collection":[{"href":"https:\/\/zimm-motos.com.br\/portal\/wp-json\/wp\/v2\/product"}],"about":[{"href":"https:\/\/zimm-motos.com.br\/portal\/wp-json\/wp\/v2\/types\/product"}],"replies":[{"embeddable":true,"href":"https:\/\/zimm-motos.com.br\/portal\/wp-json\/wp\/v2\/comments?post=3657"}],"version-history":[{"count":0,"href":"https:\/\/zimm-motos.com.br\/portal\/wp-json\/wp\/v2\/product\/3657\/revisions"}],"wp:featuredmedia":[{"embeddable":true,"href":"https:\/\/zimm-motos.com.br\/portal\/wp-json\/wp\/v2\/media\/396"}],"wp:attachment":[{"href":"https:\/\/zimm-motos.com.br\/portal\/wp-json\/wp\/v2\/media?parent=3657"}],"wp:term":[{"taxonomy":"product_brand","embeddable":true,"href":"https:\/\/zimm-motos.com.br\/portal\/wp-json\/wp\/v2\/product_brand?post=3657"},{"taxonomy":"product_cat","embeddable":true,"href":"https:\/\/zimm-motos.com.br\/portal\/wp-json\/wp\/v2\/product_cat?post=3657"},{"taxonomy":"product_tag","embeddable":true,"href":"https:\/\/zimm-motos.com.br\/portal\/wp-json\/wp\/v2\/product_tag?post=3657"}],"curies":[{"name":"wp","href":"https:\/\/api.w.org\/{rel}","templated":true}]}}