{"id":415,"date":"2011-04-25T14:57:02","date_gmt":"2011-04-25T17:57:02","guid":{"rendered":"http:\/\/zimm-motos.com.br\/portal\/produto\/anel-de-vedacao-do-bujao-do-carter-husqvarna-te\/"},"modified":"2021-10-27T09:45:08","modified_gmt":"2021-10-27T12:45:08","slug":"anel-de-vedacao-do-bujao-do-carter-husqvarna-te","status":"publish","type":"product","link":"https:\/\/zimm-motos.com.br\/portal\/loja\/anel-de-vedacao-do-bujao-do-carter-husqvarna-te\/","title":{"rendered":"Anel de veda\u00e7\u00e3o do buj\u00e3o do carter Husqvarna TE 2004-2009"},"content":{"rendered":"<p><!--?xml version=\"1.0\" encoding=\"utf-8\"?--><\/p>\n<p align=\"center\"><span style=\"font-size: 10pt; font-family: verdana, geneva;\"><strong><span style=\"color: #000000;\">Anel de veda\u00e7\u00e3o do buj\u00e3o do carter Husqvarna TE<\/span><\/strong><\/span><\/p>\n<p align=\"center\"><span style=\"font-size: 10pt; font-family: verdana, geneva;\"><strong>\u00a0TE 250 \u00a02004 &#8211; 2009<\/strong><\/span><\/p>\n<p align=\"center\"><span style=\"font-size: 10pt; font-family: verdana, geneva;\"><strong>TE 310 2009<\/strong><\/span><\/p>\n<p align=\"center\"><span style=\"font-size: 10pt; font-family: verdana, geneva;\"><strong><span style=\"font-size: 10pt;\">TE 450 2004-2009<\/span><\/strong><\/span><\/p>\n<p align=\"center\"><span style=\"font-size: 10pt; font-family: verdana, geneva;\"><strong>TE 510 2007 &#8211; 2009\u00a0<\/strong><\/span><\/p>\n<p align=\"center\">\n","protected":false},"excerpt":{"rendered":"<p style=\"text-align: center;\"><img decoding=\"async\" class=\"size-full wp-image-2429 aligncenter\" src=\"https:\/\/zimm-motos.com.br\/portal\/wp-content\/uploads\/2017\/07\/Husqvarna.gif\" alt=\"\" width=\"200\" height=\"67\" \/><strong><span style=\"color: #0000ff;\"><img decoding=\"async\" class=\"aligncenter\" src=\"http:\/\/www.zimm-motos.com.br\/loja\/img\/cms\/HVA.gif\" alt=\"\" width=\"50\" height=\"37\" \/><\/span><\/strong><span style=\"font-size: 10pt; font-family: verdana, geneva, sans-serif;\"><strong><span style=\"color: #0000ff;\">Dimens\u00f5es 24&#215;16,3&#215;1,2<\/span><\/strong><\/span><\/p>\n","protected":false},"featured_media":414,"comment_status":"open","ping_status":"closed","template":"","meta":{"nf_dc_page":"","_crdt_document":"","om_disable_all_campaigns":false,"_monsterinsights_skip_tracking":false,"_monsterinsights_sitenote_active":false,"_monsterinsights_sitenote_note":"","_monsterinsights_sitenote_category":0,"jetpack_publicize_message":"","jetpack_publicize_feature_enabled":true,"jetpack_social_post_already_shared":true,"jetpack_social_options":{"image_generator_settings":{"template":"highway","default_image_id":0,"font":"","enabled":false},"version":2}},"product_brand":[],"product_cat":[24,75,42],"product_tag":[208,359],"class_list":{"0":"post-415","1":"product","2":"type-product","3":"status-publish","4":"has-post-thumbnail","6":"product_cat-pcshusq","7":"product_cat-juntas","8":"product_cat-motor-4t","9":"product_tag-bujao","10":"product_tag-sm-510-r","12":"first","13":"instock","14":"taxable","15":"shipping-taxable","16":"purchasable","17":"product-type-simple"},"jetpack_publicize_connections":[],"jetpack_likes_enabled":true,"jetpack_sharing_enabled":true,"_links":{"self":[{"href":"https:\/\/zimm-motos.com.br\/portal\/wp-json\/wp\/v2\/product\/415","targetHints":{"allow":["GET"]}}],"collection":[{"href":"https:\/\/zimm-motos.com.br\/portal\/wp-json\/wp\/v2\/product"}],"about":[{"href":"https:\/\/zimm-motos.com.br\/portal\/wp-json\/wp\/v2\/types\/product"}],"replies":[{"embeddable":true,"href":"https:\/\/zimm-motos.com.br\/portal\/wp-json\/wp\/v2\/comments?post=415"}],"version-history":[{"count":1,"href":"https:\/\/zimm-motos.com.br\/portal\/wp-json\/wp\/v2\/product\/415\/revisions"}],"predecessor-version":[{"id":3627,"href":"https:\/\/zimm-motos.com.br\/portal\/wp-json\/wp\/v2\/product\/415\/revisions\/3627"}],"wp:featuredmedia":[{"embeddable":true,"href":"https:\/\/zimm-motos.com.br\/portal\/wp-json\/wp\/v2\/media\/414"}],"wp:attachment":[{"href":"https:\/\/zimm-motos.com.br\/portal\/wp-json\/wp\/v2\/media?parent=415"}],"wp:term":[{"taxonomy":"product_brand","embeddable":true,"href":"https:\/\/zimm-motos.com.br\/portal\/wp-json\/wp\/v2\/product_brand?post=415"},{"taxonomy":"product_cat","embeddable":true,"href":"https:\/\/zimm-motos.com.br\/portal\/wp-json\/wp\/v2\/product_cat?post=415"},{"taxonomy":"product_tag","embeddable":true,"href":"https:\/\/zimm-motos.com.br\/portal\/wp-json\/wp\/v2\/product_tag?post=415"}],"curies":[{"name":"wp","href":"https:\/\/api.w.org\/{rel}","templated":true}]}}