{"id":423,"date":"2011-04-25T11:57:20","date_gmt":"2011-04-25T14:57:20","guid":{"rendered":"http:\/\/zimm-motos.com.br\/portal\/produto\/cj-lanterna-traseira-husqvarna-2001\/"},"modified":"2020-08-18T14:29:13","modified_gmt":"2020-08-18T17:29:13","slug":"lanterna-traseira-completa-husqvarna-wr-te-2001-2007","status":"publish","type":"product","link":"https:\/\/zimm-motos.com.br\/portal\/loja\/lanterna-traseira-completa-husqvarna-wr-te-2001-2007\/","title":{"rendered":"Lanterna traseira completa Husqvarna  WR-TE 2001-2007"},"content":{"rendered":"<p align=\"center\"><span style=\"font-family: verdana, geneva, sans-serif; font-size: 10pt;\"><strong><span style=\"color: #0000ff;\">Conjunto de lanterna traseira completa com chicote\/carca\u00e7a\/lampada<\/span><\/strong><\/span><\/p>\n<p align=\"center\"><span style=\"font-family: verdana, geneva, sans-serif; font-size: 10pt;\"><strong><span style=\"color: #0000ff;\">Husqvarna<\/span><\/strong><\/span><\/p>\n<p align=\"center\"><span style=\"font-family: verdana, geneva, sans-serif; font-size: 10pt;\"><strong><span style=\"color: #0000ff;\">WR 125 2004-2007<\/span><\/strong><\/span><\/p>\n<p align=\"center\"><span style=\"font-family: verdana, geneva, sans-serif; font-size: 10pt;\"><strong><span style=\"color: #0000ff;\">WR 250 2001 a 2004<\/span><\/strong><\/span><\/p>\n<p align=\"center\"><span style=\"font-family: verdana, geneva, sans-serif; font-size: 10pt;\"><strong><span style=\"color: #0000ff;\">WR 360 2002<\/span><\/strong><\/span><\/p>\n<p align=\"center\"><span style=\"font-family: verdana, geneva, sans-serif; font-size: 10pt;\"><strong><span style=\"color: #0000ff;\">TE 250 2004-2007<\/span><\/strong><\/span><\/p>\n<p align=\"center\"><span style=\"font-family: verdana, geneva, sans-serif; font-size: 10pt;\"><strong><span style=\"color: #0000ff;\">TE 450 2004 &#8211; 2007<\/span><\/strong><\/span><\/p>\n<p align=\"center\"><span style=\"font-family: verdana, geneva, sans-serif; font-size: 10pt;\"><strong><span style=\"color: #0000ff;\">TE 510 2007<\/span><\/strong><\/span><\/p>\n<p align=\"center\"><span style=\"font-family: verdana, geneva, sans-serif; font-size: 10pt;\"><strong><span style=\"color: #0000ff;\">SM 510 R 2007<\/span><\/strong><\/span><\/p>\n<p align=\"center\"><span style=\"font-family: verdana, geneva, sans-serif; font-size: 10pt;\"><strong><span style=\"color: #0000ff;\">TE-SM 610 2006-2008<\/span><\/strong><\/span><\/p>\n<p align=\"center\">\n","protected":false},"excerpt":{"rendered":"<p style=\"text-align: center;\"><img decoding=\"async\" class=\"alignnone size-full wp-image-2227\" src=\"http:\/\/zimm-motos.com.br\/portal\/wp-content\/uploads\/2011\/04\/Husqvarna.gif\" alt=\"\" width=\"200\" height=\"67\" \/><\/p>\n<p style=\"text-align: center;\"><span style=\"font-family: verdana, geneva, sans-serif; color: #0000ff;\"><strong>Cancelada, consultar op\u00e7\u00e3o de substitui\u00e7\u00e3o<\/strong><\/span><\/p>\n","protected":false},"featured_media":422,"comment_status":"open","ping_status":"closed","template":"","meta":{"nf_dc_page":"","_crdt_document":"","om_disable_all_campaigns":false,"_monsterinsights_skip_tracking":false,"_monsterinsights_sitenote_active":false,"_monsterinsights_sitenote_note":"","_monsterinsights_sitenote_category":0,"jetpack_publicize_message":"","jetpack_publicize_feature_enabled":true,"jetpack_social_post_already_shared":true,"jetpack_social_options":{"image_generator_settings":{"template":"highway","default_image_id":0,"font":"","enabled":false},"version":2}},"product_brand":[],"product_cat":[67,24,103],"product_tag":[205],"class_list":{"0":"post-423","1":"product","2":"type-product","3":"status-publish","4":"has-post-thumbnail","6":"product_cat-eletrica","7":"product_cat-pcshusq","8":"product_cat-lanterna","9":"product_tag-lanterna","11":"first","12":"outofstock","13":"taxable","14":"shipping-taxable","15":"purchasable","16":"product-type-simple"},"jetpack_publicize_connections":[],"jetpack_likes_enabled":true,"jetpack_sharing_enabled":true,"_links":{"self":[{"href":"https:\/\/zimm-motos.com.br\/portal\/wp-json\/wp\/v2\/product\/423","targetHints":{"allow":["GET"]}}],"collection":[{"href":"https:\/\/zimm-motos.com.br\/portal\/wp-json\/wp\/v2\/product"}],"about":[{"href":"https:\/\/zimm-motos.com.br\/portal\/wp-json\/wp\/v2\/types\/product"}],"replies":[{"embeddable":true,"href":"https:\/\/zimm-motos.com.br\/portal\/wp-json\/wp\/v2\/comments?post=423"}],"version-history":[{"count":1,"href":"https:\/\/zimm-motos.com.br\/portal\/wp-json\/wp\/v2\/product\/423\/revisions"}],"predecessor-version":[{"id":2262,"href":"https:\/\/zimm-motos.com.br\/portal\/wp-json\/wp\/v2\/product\/423\/revisions\/2262"}],"wp:featuredmedia":[{"embeddable":true,"href":"https:\/\/zimm-motos.com.br\/portal\/wp-json\/wp\/v2\/media\/422"}],"wp:attachment":[{"href":"https:\/\/zimm-motos.com.br\/portal\/wp-json\/wp\/v2\/media?parent=423"}],"wp:term":[{"taxonomy":"product_brand","embeddable":true,"href":"https:\/\/zimm-motos.com.br\/portal\/wp-json\/wp\/v2\/product_brand?post=423"},{"taxonomy":"product_cat","embeddable":true,"href":"https:\/\/zimm-motos.com.br\/portal\/wp-json\/wp\/v2\/product_cat?post=423"},{"taxonomy":"product_tag","embeddable":true,"href":"https:\/\/zimm-motos.com.br\/portal\/wp-json\/wp\/v2\/product_tag?post=423"}],"curies":[{"name":"wp","href":"https:\/\/api.w.org\/{rel}","templated":true}]}}