{"id":4404,"date":"2019-06-17T17:13:43","date_gmt":"2019-06-17T20:13:43","guid":{"rendered":"https:\/\/zimm-motos.com.br\/portal\/?post_type=product&#038;p=4404"},"modified":"2020-09-16T11:20:11","modified_gmt":"2020-09-16T14:20:11","slug":"coroa-jt-53z-husqvarna-wr-te-1994-2014","status":"publish","type":"product","link":"https:\/\/zimm-motos.com.br\/portal\/loja\/coroa-jt-53z-husqvarna-wr-te-1994-2014\/","title":{"rendered":"Coroa JT 53z Husqvarna WR-TE 1994-2014"},"content":{"rendered":"<p style=\"text-align: center;\"><strong><span style=\"font-size: 10pt; font-family: verdana, geneva;\">Coroa JT 53z Husqvarna<\/span><\/strong><\/p>\n<p style=\"text-align: center;\"><strong><span style=\"font-family: verdana, geneva, sans-serif; font-size: 10pt;\">As coroas JT s\u00e3o fabricadas usando apenas a melhor s\u00e9rie de a\u00e7o carbono C49 da mais alta qualidade e tratamento anti corros\u00e3o, o que torna a pe\u00e7a muito mais resistente e dur\u00e1vel.<\/span><\/strong><\/p>\n<p style=\"text-align: center;\"><span style=\"font-family: verdana, geneva;\"><span style=\"font-size: 13.3333px;\"><b>WR 125-250-360 1994-2013 <\/b><\/span><\/span><\/p>\n<p style=\"text-align: center;\"><span style=\"font-family: verdana, geneva;\"><span style=\"font-size: 13.3333px;\"><b>TE 250-310-400-410-450-477-510-600-610 2000-2014<\/b><\/span><\/span><\/p>\n<p style=\"text-align: center;\"><span style=\"font-size: 10pt; color: #0000ff; font-family: verdana, geneva, sans-serif;\"><strong>Fotografia meramente ilustrativa<\/strong><\/span><\/p>\n<p style=\"text-align: center;\"><strong><span style=\"font-size: 10pt; font-family: verdana, geneva;\">\u00a0<\/span><\/strong><\/p>\n","protected":false},"excerpt":{"rendered":"<p style=\"text-align: center;\"><img decoding=\"async\" src=\"http:\/\/www.zimm-motos.com.br\/loja\/img\/cms\/Afam.gif\" alt=\"\" width=\"137\" height=\"71\" \/><img decoding=\"async\" class=\" wp-image-2788 aligncenter\" src=\"https:\/\/zimm-motos.com.br\/portal\/wp-content\/uploads\/2017\/03\/JT-300x118.jpg\" alt=\"\" width=\"201\" height=\"79\" srcset=\"https:\/\/i0.wp.com\/zimm-motos.com.br\/portal\/wp-content\/uploads\/2017\/03\/JT.jpg?resize=300%2C118&amp;ssl=1 300w, https:\/\/i0.wp.com\/zimm-motos.com.br\/portal\/wp-content\/uploads\/2017\/03\/JT.jpg?w=358&amp;ssl=1 358w\" sizes=\"(max-width: 201px) 100vw, 201px\" \/><\/p>\n<p style=\"text-align: center;\"><span style=\"font-size: 10pt; font-family: verdana, geneva, sans-serif; color: #0000ff;\"><strong>Prazo m\u00e9dio de entrega 35 a 45 dias uteis<\/strong><\/span><\/p>\n","protected":false},"featured_media":4405,"comment_status":"open","ping_status":"closed","template":"","meta":{"nf_dc_page":"","_crdt_document":"","om_disable_all_campaigns":false,"_monsterinsights_skip_tracking":false,"_monsterinsights_sitenote_active":false,"_monsterinsights_sitenote_note":"","_monsterinsights_sitenote_category":0,"jetpack_publicize_message":"","jetpack_publicize_feature_enabled":true,"jetpack_social_post_already_shared":false,"jetpack_social_options":{"image_generator_settings":{"template":"highway","default_image_id":0,"font":"","enabled":false},"version":2}},"product_brand":[],"product_cat":[74,24,52],"product_tag":[218],"class_list":{"0":"post-4404","1":"product","2":"type-product","3":"status-publish","4":"has-post-thumbnail","6":"product_cat-coroa","7":"product_cat-pcshusq","8":"product_cat-transmissao","9":"product_tag-coroa","11":"first","12":"onbackorder","13":"taxable","14":"shipping-taxable","15":"purchasable","16":"product-type-simple"},"jetpack_publicize_connections":[],"jetpack_likes_enabled":true,"jetpack_sharing_enabled":true,"_links":{"self":[{"href":"https:\/\/zimm-motos.com.br\/portal\/wp-json\/wp\/v2\/product\/4404","targetHints":{"allow":["GET"]}}],"collection":[{"href":"https:\/\/zimm-motos.com.br\/portal\/wp-json\/wp\/v2\/product"}],"about":[{"href":"https:\/\/zimm-motos.com.br\/portal\/wp-json\/wp\/v2\/types\/product"}],"replies":[{"embeddable":true,"href":"https:\/\/zimm-motos.com.br\/portal\/wp-json\/wp\/v2\/comments?post=4404"}],"version-history":[{"count":0,"href":"https:\/\/zimm-motos.com.br\/portal\/wp-json\/wp\/v2\/product\/4404\/revisions"}],"wp:featuredmedia":[{"embeddable":true,"href":"https:\/\/zimm-motos.com.br\/portal\/wp-json\/wp\/v2\/media\/4405"}],"wp:attachment":[{"href":"https:\/\/zimm-motos.com.br\/portal\/wp-json\/wp\/v2\/media?parent=4404"}],"wp:term":[{"taxonomy":"product_brand","embeddable":true,"href":"https:\/\/zimm-motos.com.br\/portal\/wp-json\/wp\/v2\/product_brand?post=4404"},{"taxonomy":"product_cat","embeddable":true,"href":"https:\/\/zimm-motos.com.br\/portal\/wp-json\/wp\/v2\/product_cat?post=4404"},{"taxonomy":"product_tag","embeddable":true,"href":"https:\/\/zimm-motos.com.br\/portal\/wp-json\/wp\/v2\/product_tag?post=4404"}],"curies":[{"name":"wp","href":"https:\/\/api.w.org\/{rel}","templated":true}]}}