{"id":523,"date":"2011-10-21T08:05:59","date_gmt":"2011-10-21T11:05:59","guid":{"rendered":"http:\/\/zimm-motos.com.br\/portal\/produto\/bujao-do-carter-agrale-todas-2\/"},"modified":"2024-06-28T06:40:14","modified_gmt":"2024-06-28T09:40:14","slug":"anel-de-vedacao-do-bujao-do-carter-husqvarna-wr-250-360-1994-2004","status":"publish","type":"product","link":"https:\/\/zimm-motos.com.br\/portal\/loja\/anel-de-vedacao-do-bujao-do-carter-husqvarna-wr-250-360-1994-2004\/","title":{"rendered":"Anel de veda\u00e7\u00e3o do buj\u00e3o do carter Husqvarna WR 250-360 1994-2004"},"content":{"rendered":"<p align=\"center\"><span style=\"font-family: Verdana, Arial, Helvetica, sans-serif; color: #0000ff; font-size: 12pt;\"><strong>Anel de veda\u00e7\u00e3o do buj\u00e3o do carter <strong>Husqvarna <\/strong><\/strong><\/span><\/p>\n<p align=\"center\"><span style=\"font-size: 12pt; color: #0000ff;\"><strong><span style=\"font-family: Verdana, Arial, Helvetica, sans-serif;\">WR 250 1994-2004 <\/span><\/strong><\/span><\/p>\n<p align=\"center\"><span style=\"font-size: 12pt; color: #0000ff;\"><strong><span style=\"font-family: Verdana, Arial, Helvetica, sans-serif;\">WR 360 1994-2002<\/span><\/strong><\/span><\/p>\n<p align=\"center\"><span style=\"font-size: 12pt; color: #0000ff;\"><strong style=\"font-family: Verdana, Arial, Helvetica, sans-serif; text-decoration: underline;\">Item #20 da ilustra\u00e7\u00e3o<\/strong><\/span><\/p>\n","protected":false},"excerpt":{"rendered":"<p style=\"text-align: center;\"><span style=\"color: #0000ff;\"><strong><img decoding=\"async\" class=\"alignnone size-full wp-image-2429\" src=\"https:\/\/zimm-motos.com.br\/portal\/wp-content\/uploads\/2017\/07\/Husqvarna.gif\" alt=\"\" width=\"200\" height=\"67\" \/><\/strong><\/span><\/p>\n","protected":false},"featured_media":522,"comment_status":"open","ping_status":"closed","template":"","meta":{"nf_dc_page":"","_crdt_document":"","om_disable_all_campaigns":false,"_monsterinsights_skip_tracking":false,"_monsterinsights_sitenote_active":false,"_monsterinsights_sitenote_note":"","_monsterinsights_sitenote_category":0,"jetpack_publicize_message":"","jetpack_publicize_feature_enabled":true,"jetpack_social_post_already_shared":true,"jetpack_social_options":{"image_generator_settings":{"template":"highway","default_image_id":0,"font":"","enabled":false},"version":2}},"product_brand":[],"product_cat":[135,24,106,40],"product_tag":[207,338,233],"class_list":{"0":"post-523","1":"product","2":"type-product","3":"status-publish","4":"has-post-thumbnail","6":"product_cat-caixa-de-cambio","7":"product_cat-pcshusq","8":"product_cat-juntas-motor-pcshusq","9":"product_cat-motor-pcshusq","10":"product_tag-carter","11":"product_tag-wr-250","12":"product_tag-wr-360","14":"first","15":"instock","16":"taxable","17":"shipping-taxable","18":"purchasable","19":"product-type-simple"},"jetpack_publicize_connections":[],"jetpack_likes_enabled":true,"jetpack_sharing_enabled":true,"_links":{"self":[{"href":"https:\/\/zimm-motos.com.br\/portal\/wp-json\/wp\/v2\/product\/523","targetHints":{"allow":["GET"]}}],"collection":[{"href":"https:\/\/zimm-motos.com.br\/portal\/wp-json\/wp\/v2\/product"}],"about":[{"href":"https:\/\/zimm-motos.com.br\/portal\/wp-json\/wp\/v2\/types\/product"}],"replies":[{"embeddable":true,"href":"https:\/\/zimm-motos.com.br\/portal\/wp-json\/wp\/v2\/comments?post=523"}],"version-history":[{"count":1,"href":"https:\/\/zimm-motos.com.br\/portal\/wp-json\/wp\/v2\/product\/523\/revisions"}],"predecessor-version":[{"id":2948,"href":"https:\/\/zimm-motos.com.br\/portal\/wp-json\/wp\/v2\/product\/523\/revisions\/2948"}],"wp:featuredmedia":[{"embeddable":true,"href":"https:\/\/zimm-motos.com.br\/portal\/wp-json\/wp\/v2\/media\/522"}],"wp:attachment":[{"href":"https:\/\/zimm-motos.com.br\/portal\/wp-json\/wp\/v2\/media?parent=523"}],"wp:term":[{"taxonomy":"product_brand","embeddable":true,"href":"https:\/\/zimm-motos.com.br\/portal\/wp-json\/wp\/v2\/product_brand?post=523"},{"taxonomy":"product_cat","embeddable":true,"href":"https:\/\/zimm-motos.com.br\/portal\/wp-json\/wp\/v2\/product_cat?post=523"},{"taxonomy":"product_tag","embeddable":true,"href":"https:\/\/zimm-motos.com.br\/portal\/wp-json\/wp\/v2\/product_tag?post=523"}],"curies":[{"name":"wp","href":"https:\/\/api.w.org\/{rel}","templated":true}]}}